{"id":79996,"date":"2020-08-13T10:53:29","date_gmt":"2020-08-13T08:53:29","guid":{"rendered":"https:\/\/test.av-id.de\/?page_id=79996"},"modified":"2022-04-24T10:47:17","modified_gmt":"2022-04-24T08:47:17","slug":"creative-marketing-2","status":"publish","type":"page","link":"https:\/\/avid-studio.com\/","title":{"rendered":"Creative Marketing 2"},"content":{"rendered":"<section class=\"wpb-content-wrapper\"><p>[vc_row row_height_percent=&#8220;65&#8243; override_padding=&#8220;yes&#8220; h_padding=&#8220;2&#8243; top_padding=&#8220;0&#8243; bottom_padding=&#8220;7&#8243; overlay_alpha=&#8220;50&#8243; gutter_size=&#8220;3&#8243; column_width_percent=&#8220;100&#8243; shift_y=&#8220;0&#8243; z_index=&#8220;0&#8243;][vc_column column_width_percent=&#8220;100&#8243; position_vertical=&#8220;middle&#8220; gutter_size=&#8220;5&#8243; style=&#8220;light&#8220; overlay_alpha=&#8220;50&#8243; shift_x=&#8220;0&#8243; shift_y=&#8220;0&#8243; shift_y_down=&#8220;0&#8243; z_index=&#8220;0&#8243; medium_width=&#8220;0&#8243; mobile_width=&#8220;0&#8243; width=&#8220;1\/1&#8243;][vc_row_inner row_inner_height_percent=&#8220;0&#8243; overlay_alpha=&#8220;50&#8243; gutter_size=&#8220;4&#8243; shift_y=&#8220;0&#8243; z_index=&#8220;0&#8243; limit_content=&#8220;&#8220;][vc_column_inner column_width_percent=&#8220;100&#8243; gutter_size=&#8220;1&#8243; overlay_alpha=&#8220;50&#8243; shift_x=&#8220;0&#8243; shift_y=&#8220;0&#8243; shift_y_down=&#8220;0&#8243; z_index=&#8220;0&#8243; medium_width=&#8220;0&#8243; mobile_width=&#8220;0&#8243; width=&#8220;1\/3&#8243;][vc_empty_space empty_h=&#8220;0&#8243;][vc_custom_heading heading_semantic=&#8220;h5&#8243; text_font=&#8220;font-762333&#8243; text_size=&#8220;fontsize-160000&#8243; text_weight=&#8220;400&#8243; text_transform=&#8220;uppercase&#8220; text_space=&#8220;fontspace-210350&#8243; text_color=&#8220;color-wvjs&#8220; css_animation=&#8220;curtain&#8220; animation_delay=&#8220;200&#8243;][\/vc_custom_heading][\/vc_column_inner][vc_column_inner column_width_percent=&#8220;100&#8243; gutter_size=&#8220;2&#8243; overlay_alpha=&#8220;50&#8243; shift_x=&#8220;0&#8243; shift_y=&#8220;0&#8243; shift_y_down=&#8220;0&#8243; z_index=&#8220;0&#8243; medium_width=&#8220;0&#8243; mobile_width=&#8220;0&#8243; width=&#8220;2\/3&#8243;][vc_custom_heading heading_semantic=&#8220;h5&#8243; text_font=&#8220;font-762333&#8243; text_size=&#8220;&#8220; text_weight=&#8220;400&#8243; text_transform=&#8220;uppercase&#8220; text_space=&#8220;fontspace-210350&#8243; text_color=&#8220;color-wvjs&#8220;]UNSERE PROJEKTE[\/vc_custom_heading][vc_empty_space empty_h=&#8220;3&#8243;][vc_custom_heading heading_semantic=&#8220;h1&#8243; text_font=&#8220;font-762333&#8243; text_size=&#8220;fontsize-155944&#8243; text_weight=&#8220;500&#8243; text_space=&#8220;fontspace-781688&#8243; text_color=&#8220;color-xsdn&#8220;]Wir machen Produkte von morgen einfacher und \u00e4sthetischer.[\/vc_custom_heading][vc_custom_heading heading_semantic=&#8220;h3&#8243; text_font=&#8220;font-762333&#8243; text_size=&#8220;&#8220; text_weight=&#8220;300&#8243; text_height=&#8220;fontheight-357766&#8243; text_color=&#8220;color-wvjs&#8220;]Durch unser ganzheitliches Design entwickeln wir<br \/>\nau\u00dfergew\u00f6hnliche Ideen f\u00fcr\u00a0einzigartige Produkte<br \/>\nund leisten damit einen entscheidenden Beitrag<br \/>\nf\u00fcr deinen Unternehmenserfolg.[\/vc_custom_heading][\/vc_column_inner][\/vc_row_inner][vc_row_inner row_inner_height_percent=&#8220;0&#8243; overlay_alpha=&#8220;50&#8243; gutter_size=&#8220;4&#8243; shift_y=&#8220;2&#8243; z_index=&#8220;0&#8243; limit_content=&#8220;&#8220;][vc_column_inner column_width_percent=&#8220;100&#8243; gutter_size=&#8220;3&#8243; style=&#8220;dark&#8220; font_family=&#8220;font-134980&#8243; overlay_alpha=&#8220;50&#8243; shift_x=&#8220;0&#8243; shift_y=&#8220;0&#8243; shift_y_down=&#8220;0&#8243; z_index=&#8220;0&#8243; medium_width=&#8220;0&#8243; mobile_width=&#8220;0&#8243; width=&#8220;1\/2&#8243;][vc_single_image media=&#8220;80821&#8243; media_width_percent=&#8220;70&#8243; media_ratio=&#8220;one-one&#8220; advanced=&#8220;yes&#8220; media_items=&#8220;media|original&#8220; media_text=&#8220;under&#8220; media_overlay_opacity=&#8220;20&#8243; media_text_visible=&#8220;yes&#8220; media_padding=&#8220;2&#8243; media_title_family=&#8220;font-762333&#8243; media_title_dimension=&#8220;h4&#8243; media_title_weight=&#8220;100&#8243; media_title_space=&#8220;fontspace-781688&#8243; media_link=&#8220;url:https%3A%2F%2Favid-studio.com%2F%3Fpage_id%3D58945&#8243;][vc_custom_heading heading_semantic=&#8220;h5&#8243; text_font=&#8220;font-762333&#8243; text_size=&#8220;&#8220; text_weight=&#8220;400&#8243; text_color=&#8220;color-xsdn&#8220;]<a href=\"https:\/\/avid-studio.com\/?page_id=58945\">Alle Projekte<\/a>[\/vc_custom_heading][\/vc_column_inner][vc_column_inner column_width_percent=&#8220;100&#8243; gutter_size=&#8220;3&#8243; override_padding=&#8220;yes&#8220; column_padding=&#8220;0&#8243; style=&#8220;dark&#8220; overlay_alpha=&#8220;50&#8243; shift_x=&#8220;-4&#8243; shift_y=&#8220;0&#8243; shift_y_down=&#8220;0&#8243; z_index=&#8220;0&#8243; medium_width=&#8220;0&#8243; mobile_width=&#8220;0&#8243; width=&#8220;1\/2&#8243;][vc_empty_space empty_h=&#8220;3&#8243;][vc_single_image media=&#8220;79801&#8243; media_width_percent=&#8220;100&#8243; alignment=&#8220;right&#8220; advanced=&#8220;yes&#8220; media_overlay_opacity=&#8220;50&#8243; media_padding=&#8220;2&#8243; media_link=&#8220;url:https%3A%2F%2Favid-studio.com%2F%3Fportfolio%3Dvorspannungsmessgeraet-otg&#8220;][vc_custom_heading heading_semantic=&#8220;h5&#8243; text_font=&#8220;font-762333&#8243; text_size=&#8220;&#8220; text_weight=&#8220;400&#8243; text_color=&#8220;color-xsdn&#8220;]<a href=\"https:\/\/avid-studio.com\/?page_id=58945\">OTG \u2013 Industriedesign<\/a>[\/vc_custom_heading][\/vc_column_inner][\/vc_row_inner][\/vc_column][\/vc_row][vc_row unlock_row_content=&#8220;yes&#8220; row_height_percent=&#8220;0&#8243; overlay_alpha=&#8220;50&#8243; gutter_size=&#8220;3&#8243; column_width_percent=&#8220;100&#8243; shift_y=&#8220;-3&#8243; z_index=&#8220;0&#8243;][vc_column column_width_percent=&#8220;90&#8243; position_horizontal=&#8220;left&#8220; gutter_size=&#8220;3&#8243; style=&#8220;dark&#8220; overlay_alpha=&#8220;50&#8243; shift_x=&#8220;0&#8243; shift_y=&#8220;-5&#8243; shift_y_down=&#8220;0&#8243; z_index=&#8220;0&#8243; medium_width=&#8220;0&#8243; mobile_width=&#8220;0&#8243; width=&#8220;2\/3&#8243;][vc_custom_heading heading_semantic=&#8220;h5&#8243; text_font=&#8220;font-762333&#8243; text_size=&#8220;&#8220; text_weight=&#8220;400&#8243; text_color=&#8220;color-xsdn&#8220;]<a href=\"https:\/\/avid-studio.com\/?portfolio=test-portfolio-seite\">Frame Strap \u2013 Produktdesign<\/a>[\/vc_custom_heading][vc_gallery el_id=&#8220;gallery-127835-357-103&#8243; type=&#8220;carousel&#8220; medias=&#8220;79786,79787,80689,80690&#8243; carousel_lg=&#8220;1&#8243; carousel_md=&#8220;1&#8243; carousel_sm=&#8220;1&#8243; thumb_size=&#8220;three-two&#8220; gutter_size=&#8220;3&#8243; media_items=&#8220;media|custom_link|original&#8220; carousel_interval=&#8220;3000&#8243; carousel_navspeed=&#8220;400&#8243; carousel_loop=&#8220;yes&#8220; carousel_dots=&#8220;yes&#8220; carousel_dot_position=&#8220;right&#8220; stage_padding=&#8220;0&#8243; single_overlay_opacity=&#8220;50&#8243; single_padding=&#8220;2&#8243; single_border=&#8220;yes&#8220; single_link=&#8220;url:https%3A%2F%2Favid-studio.com%2F%3Fportfolio%3Dtest-portfolio-seite&#8220;][vc_empty_space empty_h=&#8220;4&#8243;][\/vc_column][vc_column column_width_percent=&#8220;100&#8243; gutter_size=&#8220;3&#8243; style=&#8220;dark&#8220; overlay_alpha=&#8220;50&#8243; shift_x=&#8220;0&#8243; shift_y=&#8220;-4&#8243; shift_y_down=&#8220;0&#8243; z_index=&#8220;0&#8243; medium_width=&#8220;0&#8243; mobile_width=&#8220;0&#8243; width=&#8220;1\/3&#8243;][vc_single_image media=&#8220;82940&#8243; media_width_percent=&#8220;100&#8243; advanced=&#8220;yes&#8220; media_overlay_opacity=&#8220;50&#8243; media_padding=&#8220;2&#8243; media_link=&#8220;url:https%3A%2F%2Favid-studio.com%2F%3Fportfolio%3Dbrand-identity-mbn&#8220;][vc_custom_heading heading_semantic=&#8220;h5&#8243; text_font=&#8220;font-762333&#8243; text_size=&#8220;&#8220; text_weight=&#8220;400&#8243; text_color=&#8220;color-xsdn&#8220;]<a href=\"https:\/\/avid-studio.com\/?portfolio=brand-identity-mbn\">MBN \u2013 Brand Identity<\/a>[\/vc_custom_heading][\/vc_column][\/vc_row][vc_row unlock_row_content=&#8220;yes&#8220; row_height_percent=&#8220;100&#8243; overlay_alpha=&#8220;50&#8243; gutter_size=&#8220;3&#8243; column_width_percent=&#8220;100&#8243; shift_y=&#8220;-5&#8243; z_index=&#8220;0&#8243;][vc_column column_width_percent=&#8220;100&#8243; gutter_size=&#8220;3&#8243; style=&#8220;dark&#8220; overlay_alpha=&#8220;50&#8243; shift_x=&#8220;4&#8243; shift_y=&#8220;0&#8243; shift_y_down=&#8220;0&#8243; z_index=&#8220;0&#8243; medium_width=&#8220;0&#8243; mobile_width=&#8220;0&#8243; width=&#8220;1\/2&#8243;][vc_single_image media=&#8220;81057&#8243; media_width_percent=&#8220;80&#8243; media_ratio=&#8220;four-three&#8220; advanced=&#8220;yes&#8220; media_overlay_opacity=&#8220;50&#8243; media_padding=&#8220;2&#8243; media_link=&#8220;url:https%3A%2F%2Favid-studio.com%2F%3Fportfolio%3Dhmi-thermal-joint-check&#8220;][vc_custom_heading heading_semantic=&#8220;h5&#8243; text_font=&#8220;font-762333&#8243; text_size=&#8220;&#8220; text_weight=&#8220;400&#8243; text_color=&#8220;color-xsdn&#8220;]<a href=\"https:\/\/avid-studio.com\/?portfolio=hmi-thermal-joint-check\">HMI \u2013 UI\/UX Design<\/a>[\/vc_custom_heading][\/vc_column][vc_column column_width_percent=&#8220;100&#8243; gutter_size=&#8220;3&#8243; style=&#8220;dark&#8220; overlay_alpha=&#8220;50&#8243; shift_x=&#8220;3&#8243; shift_y=&#8220;3&#8243; shift_y_down=&#8220;0&#8243; z_index=&#8220;0&#8243; medium_width=&#8220;0&#8243; mobile_width=&#8220;0&#8243; width=&#8220;1\/2&#8243;][vc_custom_heading heading_semantic=&#8220;h5&#8243; text_font=&#8220;font-762333&#8243; text_size=&#8220;&#8220; text_weight=&#8220;400&#8243; text_color=&#8220;color-xsdn&#8220;]<a href=\"https:\/\/avid-studio.com\/?portfolio=mobiler-waermespeicher\">Mobiler W\u00e4rmespeicher \u2013 Industriedesign<\/a>[\/vc_custom_heading][vc_single_image media=&#8220;82501&#8243; media_width_percent=&#8220;100&#8243; advanced=&#8220;yes&#8220; media_overlay_opacity=&#8220;50&#8243; media_padding=&#8220;2&#8243; media_link=&#8220;url:https%3A%2F%2Favid-studio.com%2F%3Fportfolio%3Dmobiler-waermespeicher&#8220;][\/vc_column][\/vc_row][vc_row row_height_percent=&#8220;100&#8243; override_padding=&#8220;yes&#8220; h_padding=&#8220;2&#8243; top_padding=&#8220;1&#8243; bottom_padding=&#8220;1&#8243; overlay_alpha=&#8220;50&#8243; gutter_size=&#8220;3&#8243; column_width_percent=&#8220;100&#8243; shift_y=&#8220;-5&#8243; z_index=&#8220;0&#8243;][vc_column column_width_percent=&#8220;100&#8243; position_vertical=&#8220;middle&#8220; gutter_size=&#8220;5&#8243; style=&#8220;light&#8220; overlay_alpha=&#8220;50&#8243; shift_x=&#8220;-2&#8243; shift_y=&#8220;-2&#8243; shift_y_down=&#8220;5&#8243; z_index=&#8220;0&#8243; medium_width=&#8220;0&#8243; mobile_width=&#8220;0&#8243; width=&#8220;1\/1&#8243;][vc_row_inner row_inner_height_percent=&#8220;0&#8243; overlay_alpha=&#8220;50&#8243; gutter_size=&#8220;4&#8243; shift_y=&#8220;5&#8243; z_index=&#8220;0&#8243; limit_content=&#8220;&#8220;][vc_column_inner column_width_percent=&#8220;100&#8243; gutter_size=&#8220;1&#8243; overlay_alpha=&#8220;50&#8243; shift_x=&#8220;0&#8243; shift_y=&#8220;0&#8243; shift_y_down=&#8220;0&#8243; z_index=&#8220;0&#8243; medium_width=&#8220;0&#8243; mobile_width=&#8220;0&#8243; width=&#8220;1\/4&#8243;][vc_empty_space empty_h=&#8220;0&#8243;][\/vc_column_inner][vc_column_inner column_width_percent=&#8220;100&#8243; gutter_size=&#8220;2&#8243; overlay_alpha=&#8220;50&#8243; shift_x=&#8220;0&#8243; shift_y=&#8220;0&#8243; shift_y_down=&#8220;0&#8243; z_index=&#8220;0&#8243; medium_width=&#8220;0&#8243; mobile_width=&#8220;0&#8243; width=&#8220;3\/4&#8243;][vc_custom_heading heading_semantic=&#8220;h5&#8243; text_font=&#8220;font-762333&#8243; text_size=&#8220;&#8220; text_weight=&#8220;400&#8243; text_transform=&#8220;uppercase&#8220; text_space=&#8220;fontspace-210350&#8243; text_color=&#8220;color-wvjs&#8220;]UNSERE KUNDEN[\/vc_custom_heading][vc_empty_space empty_h=&#8220;3&#8243;][vc_custom_heading heading_semantic=&#8220;h1&#8243; text_font=&#8220;font-762333&#8243; text_size=&#8220;fontsize-155944&#8243; text_weight=&#8220;500&#8243; text_space=&#8220;fontspace-781688&#8243; text_color=&#8220;color-xsdn&#8220;]F\u00fcr Marken die was zu sagen haben.<br \/>\nVom Startup bis zum Weltkonzern.<br \/>\nF\u00fcr wen wir so arbeiten.[\/vc_custom_heading][vc_empty_space empty_h=&#8220;3&#8243;][vc_gallery el_id=&#8220;gallery-85457&#8243; medias=&#8220;79686,79687,79676,79680,79677,79682,79678,79685&#8243; gutter_size=&#8220;5&#8243; media_items=&#8220;media|nolink|original,icon&#8220; screen_lg=&#8220;1000&#8243; screen_md=&#8220;300&#8243; screen_sm=&#8220;300&#8243; single_width=&#8220;3&#8243; single_overlay_opacity=&#8220;50&#8243; single_overlay_anim=&#8220;no&#8220; single_text_anim=&#8220;no&#8220; single_image_anim=&#8220;no&#8220; single_padding=&#8220;2&#8243; single_border=&#8220;yes&#8220; single_css_animation=&#8220;zoom-in&#8220;][\/vc_column_inner][\/vc_row_inner][vc_row_inner row_inner_height_percent=&#8220;0&#8243; overlay_alpha=&#8220;50&#8243; gutter_size=&#8220;3&#8243; shift_y=&#8220;3&#8243; z_index=&#8220;0&#8243; limit_content=&#8220;&#8220;][vc_column_inner column_width_percent=&#8220;84&#8243; gutter_size=&#8220;3&#8243; overlay_alpha=&#8220;50&#8243; shift_x=&#8220;1&#8243; shift_y=&#8220;0&#8243; shift_y_down=&#8220;0&#8243; z_index=&#8220;0&#8243; medium_width=&#8220;0&#8243; mobile_width=&#8220;0&#8243; width=&#8220;1\/2&#8243;][vc_empty_space empty_h=&#8220;2&#8243;][vc_single_image media=&#8220;80239&#8243; media_width_percent=&#8220;100&#8243; advanced=&#8220;yes&#8220; media_items=&#8220;media|original&#8220; media_text=&#8220;under&#8220; media_overlay_color=&#8220;color-jevc&#8220; media_overlay_opacity=&#8220;20&#8243; media_overlay_anim=&#8220;no&#8220; media_text_anim=&#8220;no&#8220; media_image_anim=&#8220;no&#8220; media_h_align=&#8220;center&#8220; media_h_position=&#8220;center&#8220; media_padding=&#8220;2&#8243; media_icon=&#8220;fa fa-play-circle&#8220; lbox_title=&#8220;yes&#8220; lbox_no_tmb=&#8220;yes&#8220; lbox_no_arrows=&#8220;yes&#8220;][\/vc_column_inner][vc_column_inner width=&#8220;1\/2&#8243;][vc_empty_space empty_h=&#8220;4&#8243;][vc_custom_heading heading_semantic=&#8220;h5&#8243; text_font=&#8220;font-762333&#8243; text_size=&#8220;&#8220; text_weight=&#8220;400&#8243; text_transform=&#8220;uppercase&#8220; text_space=&#8220;fontspace-210350&#8243; text_color=&#8220;color-wvjs&#8220;]UNSERE AGENTUR[\/vc_custom_heading][vc_empty_space empty_h=&#8220;2&#8243;][vc_custom_heading heading_semantic=&#8220;h1&#8243; text_font=&#8220;font-762333&#8243; text_size=&#8220;fontsize-155944&#8243; text_weight=&#8220;500&#8243; text_space=&#8220;fontspace-781688&#8243; text_color=&#8220;color-xsdn&#8220;]F\u00fcr uns z\u00e4hlt, was wir<br \/>\nmit Leidenschaft tun.[\/vc_custom_heading][vc_empty_space empty_h=&#8220;0&#8243;][vc_custom_heading heading_semantic=&#8220;h3&#8243; text_font=&#8220;font-762333&#8243; text_size=&#8220;&#8220; text_weight=&#8220;300&#8243; text_height=&#8220;fontheight-357766&#8243; text_color=&#8220;color-wvjs&#8220;]Genau zuh\u00f6ren, nie stehen bleiben, aber immer wieder bereit sein,\u00a0neue Wege zu gehen. Ganz unvoreingenommen. Mit dieser Empathie\u00a0und Agilit\u00e4t schaffen wir die wertvolle Grundlage, von der aus wir\u00a0etwas bewegen k\u00f6nnen.[\/vc_custom_heading][vc_button size=&#8220;btn-lg&#8220; border_animation=&#8220;btn-ripple-out&#8220; custom_typo=&#8220;yes&#8220; font_family=&#8220;font-762333&#8243; font_weight=&#8220;500&#8243; letter_spacing=&#8220;fontspace-210350&#8243; border_width=&#8220;0&#8243; icon_position=&#8220;right&#8220; link=&#8220;url:https%3A%2F%2Favid-studio.com%2F%3Fpage_id%3D3541|||&#8220; icon=&#8220;fa fa-arrow-right4&#8243;]AGENTURSEITE[\/vc_button][\/vc_column_inner][\/vc_row_inner][\/vc_column][\/vc_row][vc_row row_height_percent=&#8220;65&#8243; override_padding=&#8220;yes&#8220; h_padding=&#8220;2&#8243; top_padding=&#8220;6&#8243; bottom_padding=&#8220;1&#8243; back_color=&#8220;color-xsdn&#8220; overlay_alpha=&#8220;50&#8243; gutter_size=&#8220;3&#8243; column_width_percent=&#8220;100&#8243; shift_y=&#8220;1&#8243; z_index=&#8220;0&#8243; bottom_divider=&#8220;step_3_4&#8243;][vc_column column_width_percent=&#8220;100&#8243; position_vertical=&#8220;middle&#8220; gutter_size=&#8220;4&#8243; font_family=&#8220;font-134980&#8243; overlay_alpha=&#8220;50&#8243; shift_x=&#8220;0&#8243; shift_y=&#8220;0&#8243; shift_y_down=&#8220;0&#8243; z_index=&#8220;0&#8243; medium_width=&#8220;0&#8243; mobile_width=&#8220;0&#8243; width=&#8220;1\/1&#8243;][vc_row_inner row_inner_height_percent=&#8220;0&#8243; overlay_alpha=&#8220;50&#8243; equal_height=&#8220;yes&#8220; gutter_size=&#8220;4&#8243; shift_y=&#8220;0&#8243; z_index=&#8220;0&#8243; el_class=&#8220;inverted-device-order&#8220; limit_content=&#8220;&#8220;][vc_column_inner column_width_percent=&#8220;100&#8243; gutter_size=&#8220;1&#8243; overlay_alpha=&#8220;50&#8243; shift_x=&#8220;0&#8243; shift_y=&#8220;0&#8243; shift_y_down=&#8220;0&#8243; z_index=&#8220;0&#8243; medium_width=&#8220;0&#8243; mobile_width=&#8220;0&#8243; width=&#8220;1\/3&#8243;][vc_empty_space empty_h=&#8220;0&#8243;][vc_custom_heading heading_semantic=&#8220;h5&#8243; text_font=&#8220;font-762333&#8243; text_size=&#8220;&#8220; text_weight=&#8220;400&#8243; text_transform=&#8220;uppercase&#8220; text_space=&#8220;fontspace-210350&#8243; text_color=&#8220;color-wvjs&#8220; css_animation=&#8220;curtain&#8220; animation_delay=&#8220;200&#8243;]News[\/vc_custom_heading][\/vc_column_inner][vc_column_inner column_width_percent=&#8220;100&#8243; gutter_size=&#8220;2&#8243; overlay_alpha=&#8220;50&#8243; shift_x=&#8220;0&#8243; shift_y=&#8220;0&#8243; shift_y_down=&#8220;0&#8243; z_index=&#8220;0&#8243; medium_width=&#8220;0&#8243; mobile_width=&#8220;0&#8243; width=&#8220;2\/3&#8243;][vc_custom_heading heading_semantic=&#8220;h1&#8243; text_font=&#8220;font-762333&#8243; text_size=&#8220;fontsize-155944&#8243; text_weight=&#8220;500&#8243; text_space=&#8220;fontspace-781688&#8243; text_color=&#8220;color-jevc&#8220;]Zwischen Kreation und Kaffee.<br \/>\nWas uns bewegt. Was wir bewegen. Was man alles bewegen kann.[\/vc_custom_heading][\/vc_column_inner][\/vc_row_inner][uncode_index el_id=&#8220;index-183931&#8243; index_type=&#8220;carousel&#8220; loop=&#8220;size:9|order_by:date|post_type:post|taxonomy_count:10&#8243; carousel_lg=&#8220;4&#8243; carousel_md=&#8220;2&#8243; carousel_sm=&#8220;2&#8243; thumb_size=&#8220;one-one&#8220; gutter_size=&#8220;5&#8243; post_items=&#8220;spacer|half,media|featured|onpost|original,title&#8220; portfolio_items=&#8220;title,media|featured|onpost|poster,date,author|md_size|display_qualification&#8220; carousel_interval=&#8220;3000&#8243; carousel_navspeed=&#8220;1000&#8243; carousel_loop=&#8220;yes&#8220; carousel_overflow=&#8220;yes&#8220; carousel_dots=&#8220;yes&#8220; carousel_dots_space=&#8220;yes&#8220; carousel_dots_mobile=&#8220;yes&#8220; carousel_dot_position=&#8220;left&#8220; carousel_half_opacity=&#8220;yes&#8220; carousel_pointer_events=&#8220;yes&#8220; stage_padding=&#8220;0&#8243; single_overlay_opacity=&#8220;50&#8243; single_padding=&#8220;2&#8243; single_title_semantic=&#8220;h5&#8243; single_title_family=&#8220;font-762333&#8243; single_title_dimension=&#8220;h5&#8243; single_title_weight=&#8220;500&#8243; single_title_space=&#8220;fontspace-210350&#8243; single_text_lead=&#8220;yes&#8220; single_border=&#8220;yes&#8220; single_css_animation=&#8220;right-t-left&#8220; single_animation_delay=&#8220;200&#8243; single_animation_first=&#8220;yes&#8220;][\/vc_column][\/vc_row][vc_row row_height_percent=&#8220;75&#8243; override_padding=&#8220;yes&#8220; h_padding=&#8220;2&#8243; top_padding=&#8220;7&#8243; bottom_padding=&#8220;7&#8243; back_image=&#8220;80629&#8243; back_position=&#8220;center top&#8220; parallax=&#8220;yes&#8220; overlay_color=&#8220;color-nhtu&#8220; overlay_alpha=&#8220;60&#8243; gutter_size=&#8220;3&#8243; column_width_percent=&#8220;100&#8243; shift_y=&#8220;0&#8243; z_index=&#8220;1&#8243;][vc_column column_width_percent=&#8220;100&#8243; position_vertical=&#8220;middle&#8220; gutter_size=&#8220;3&#8243; overlay_alpha=&#8220;50&#8243; shift_x=&#8220;0&#8243; shift_y=&#8220;0&#8243; shift_y_down=&#8220;0&#8243; z_index=&#8220;0&#8243; medium_width=&#8220;0&#8243; mobile_width=&#8220;0&#8243; width=&#8220;1\/1&#8243;][vc_row_inner row_inner_height_percent=&#8220;0&#8243; overlay_alpha=&#8220;50&#8243; equal_height=&#8220;yes&#8220; gutter_size=&#8220;4&#8243; shift_y=&#8220;0&#8243; z_index=&#8220;0&#8243; limit_content=&#8220;&#8220;][vc_column_inner column_width_percent=&#8220;100&#8243; gutter_size=&#8220;1&#8243; style=&#8220;dark&#8220; overlay_alpha=&#8220;50&#8243; shift_x=&#8220;0&#8243; shift_y=&#8220;0&#8243; shift_y_down=&#8220;0&#8243; z_index=&#8220;0&#8243; medium_width=&#8220;0&#8243; mobile_width=&#8220;0&#8243; width=&#8220;1\/3&#8243;][vc_empty_space empty_h=&#8220;0&#8243;][vc_custom_heading heading_semantic=&#8220;h5&#8243; text_font=&#8220;font-762333&#8243; text_size=&#8220;&#8220; text_weight=&#8220;400&#8243; text_transform=&#8220;uppercase&#8220; text_space=&#8220;fontspace-210350&#8243;]Kontakt[\/vc_custom_heading][\/vc_column_inner][vc_column_inner column_width_percent=&#8220;100&#8243; position_vertical=&#8220;middle&#8220; gutter_size=&#8220;2&#8243; style=&#8220;dark&#8220; overlay_alpha=&#8220;50&#8243; shift_x=&#8220;0&#8243; shift_y=&#8220;0&#8243; shift_y_down=&#8220;0&#8243; z_index=&#8220;0&#8243; medium_width=&#8220;0&#8243; mobile_width=&#8220;0&#8243; width=&#8220;2\/3&#8243;][vc_custom_heading text_font=&#8220;font-762333&#8243; text_size=&#8220;fontsize-338686&#8243; text_weight=&#8220;500&#8243; text_space=&#8220;fontspace-111509&#8243;]<span class=\"heading-text-highlight \" data-atts='{\"bg\":\"style-color-xsdn-bg\",\"height\":\"10%\",\"offset\":\"0.00em\",\"opacity\":\"0.4\",\"animated\":\"yes\"}'>Du gibst den Impuls, wir denken los. Ums Eck, gerne auch kreuz und quer &#8230;<\/span>[\/vc_custom_heading][vc_custom_heading heading_semantic=&#8220;h3&#8243; text_font=&#8220;font-762333&#8243; text_size=&#8220;&#8220; text_weight=&#8220;300&#8243; text_height=&#8220;fontheight-524109&#8243;]&#8230; schlie\u00dflich geh\u00f6rt Flexibilit\u00e4t zu unserem System.[\/vc_custom_heading][vc_empty_space empty_h=&#8220;2&#8243;][vc_button size=&#8220;btn-lg&#8220; border_animation=&#8220;btn-ripple-out&#8220; hover_fx=&#8220;full-colored&#8220; custom_typo=&#8220;yes&#8220; font_family=&#8220;font-762333&#8243; font_weight=&#8220;500&#8243; letter_spacing=&#8220;fontspace-210350&#8243; border_width=&#8220;0&#8243; icon_position=&#8220;right&#8220; link=&#8220;url:https%3A%2F%2Favid-studio.com%2F%3Fpage_id%3D21524&#8243; icon=&#8220;fa fa-arrow-right4&#8243;]LEISTUNGEN[\/vc_button][\/vc_column_inner][\/vc_row_inner][\/vc_column][\/vc_row]<\/p>\n<\/section>","protected":false},"excerpt":{"rendered":"<p>[vc_row row_height_percent=&#8220;65&#8243; override_padding=&#8220;yes&#8220; h_padding=&#8220;2&#8243; top_padding=&#8220;0&#8243; bottom_padding=&#8220;7&#8243; overlay_alpha=&#8220;50&#8243; gutter_size=&#8220;3&#8243; column_width_percent=&#8220;100&#8243; shift_y=&#8220;0&#8243; z_index=&#8220;0&#8243;][vc_column column_width_percent=&#8220;100&#8243; position_vertical=&#8220;middle&#8220; gutter_size=&#8220;5&#8243; style=&#8220;light&#8220; overlay_alpha=&#8220;50&#8243; shift_x=&#8220;0&#8243; shift_y=&#8220;0&#8243; shift_y_down=&#8220;0&#8243; z_index=&#8220;0&#8243; [&hellip;]<\/p>\n","protected":false},"author":2,"featured_media":0,"parent":0,"menu_order":0,"comment_status":"closed","ping_status":"closed","template":"","meta":{"footnotes":""},"_links":{"self":[{"href":"https:\/\/avid-studio.com\/index.php?rest_route=\/wp\/v2\/pages\/79996"}],"collection":[{"href":"https:\/\/avid-studio.com\/index.php?rest_route=\/wp\/v2\/pages"}],"about":[{"href":"https:\/\/avid-studio.com\/index.php?rest_route=\/wp\/v2\/types\/page"}],"author":[{"embeddable":true,"href":"https:\/\/avid-studio.com\/index.php?rest_route=\/wp\/v2\/users\/2"}],"replies":[{"embeddable":true,"href":"https:\/\/avid-studio.com\/index.php?rest_route=%2Fwp%2Fv2%2Fcomments&post=79996"}],"version-history":[{"count":304,"href":"https:\/\/avid-studio.com\/index.php?rest_route=\/wp\/v2\/pages\/79996\/revisions"}],"predecessor-version":[{"id":82950,"href":"https:\/\/avid-studio.com\/index.php?rest_route=\/wp\/v2\/pages\/79996\/revisions\/82950"}],"wp:attachment":[{"href":"https:\/\/avid-studio.com\/index.php?rest_route=%2Fwp%2Fv2%2Fmedia&parent=79996"}],"curies":[{"name":"wp","href":"https:\/\/api.w.org\/{rel}","templated":true}]}}