{"id":58945,"date":"2017-05-17T11:00:39","date_gmt":"2017-05-17T09:00:39","guid":{"rendered":"https:\/\/undsgn.com\/uncode\/?page_id=58945"},"modified":"2020-12-13T17:01:04","modified_gmt":"2020-12-13T16:01:04","slug":"portfolio-bureau","status":"publish","type":"page","link":"https:\/\/avid-studio.com\/?page_id=58945","title":{"rendered":"Projekte"},"content":{"rendered":"<section class=\"wpb-content-wrapper\"><p>[vc_row unlock_row_content=&#8220;yes&#8220; row_height_percent=&#8220;0&#8243; override_padding=&#8220;yes&#8220; h_padding=&#8220;3&#8243; top_padding=&#8220;0&#8243; bottom_padding=&#8220;0&#8243; overlay_alpha=&#8220;50&#8243; gutter_size=&#8220;4&#8243; column_width_percent=&#8220;100&#8243; shift_y=&#8220;0&#8243; z_index=&#8220;0&#8243;][vc_column column_width_percent=&#8220;100&#8243; gutter_size=&#8220;3&#8243; overlay_alpha=&#8220;50&#8243; shift_x=&#8220;0&#8243; shift_y=&#8220;-5&#8243; shift_y_down=&#8220;0&#8243; z_index=&#8220;0&#8243; medium_width=&#8220;0&#8243; mobile_width=&#8220;0&#8243; width=&#8220;7\/12&#8243;][uncode_index el_id=&#8220;?portfolio=frame-strap&#8220; loop=&#8220;size:1|order_by:date|post_type:portfolio|taxonomy_count:10&#8243; gutter_size=&#8220;3&#8243; portfolio_items=&#8220;title,media|featured|onpost|original&#8220; screen_lg=&#8220;1000&#8243; screen_md=&#8220;600&#8243; screen_sm=&#8220;480&#8243; single_text=&#8220;overlay&#8220; single_width=&#8220;12&#8243; images_size=&#8220;four-three&#8220; single_overlay_opacity=&#8220;50&#8243; single_image_anim=&#8220;no&#8220; single_h_align=&#8220;center&#8220; single_padding=&#8220;2&#8243; single_title_dimension=&#8220;h1&#8243; single_title_space=&#8220;fontspace-781688&#8243; single_border=&#8220;yes&#8220; single_css_animation=&#8220;bottom-t-top&#8220; single_animation_delay=&#8220;600&#8243;][\/vc_column][vc_column column_width_percent=&#8220;100&#8243; position_vertical=&#8220;bottom&#8220; gutter_size=&#8220;3&#8243; overlay_alpha=&#8220;50&#8243; shift_x=&#8220;0&#8243; shift_y=&#8220;0&#8243; shift_y_down=&#8220;0&#8243; z_index=&#8220;0&#8243; medium_width=&#8220;0&#8243; mobile_width=&#8220;0&#8243; width=&#8220;5\/12&#8243;][uncode_index el_id=&#8220;index-133104&#8243; loop=&#8220;size:1|order_by:date|post_type:portfolio&#8220; gutter_size=&#8220;3&#8243; portfolio_items=&#8220;title,media|featured|onpost|original&#8220; screen_lg=&#8220;1000&#8243; screen_md=&#8220;600&#8243; screen_sm=&#8220;480&#8243; single_text=&#8220;overlay&#8220; single_width=&#8220;12&#8243; images_size=&#8220;three-two&#8220; single_overlay_opacity=&#8220;50&#8243; single_image_anim=&#8220;no&#8220; single_h_align=&#8220;center&#8220; single_padding=&#8220;2&#8243; single_title_dimension=&#8220;h2&#8243; single_title_space=&#8220;fontspace-781688&#8243; single_border=&#8220;yes&#8220; single_css_animation=&#8220;bottom-t-top&#8220; single_animation_delay=&#8220;200&#8243; offset=&#8220;1&#8243;][\/vc_column][\/vc_row][vc_row unlock_row_content=&#8220;yes&#8220; row_height_percent=&#8220;0&#8243; override_padding=&#8220;yes&#8220; h_padding=&#8220;5&#8243; top_padding=&#8220;2&#8243; bottom_padding=&#8220;0&#8243; overlay_alpha=&#8220;50&#8243; gutter_size=&#8220;3&#8243; column_width_percent=&#8220;100&#8243; shift_y=&#8220;0&#8243; z_index=&#8220;0&#8243;][vc_column column_width_percent=&#8220;100&#8243; gutter_size=&#8220;3&#8243; override_padding=&#8220;yes&#8220; column_padding=&#8220;4&#8243; back_color=&#8220;color-wayh&#8220; overlay_alpha=&#8220;50&#8243; shift_x=&#8220;3&#8243; shift_y=&#8220;-5&#8243; shift_y_down=&#8220;0&#8243; z_index=&#8220;2&#8243; medium_width=&#8220;0&#8243; mobile_width=&#8220;0&#8243; width=&#8220;5\/12&#8243;][vc_custom_heading heading_semantic=&#8220;h3&#8243; text_font=&#8220;font-762333&#8243; text_size=&#8220;&#8220; text_weight=&#8220;400&#8243; text_height=&#8220;fontheight-357766&#8243; text_color=&#8220;color-xsdn&#8220; sub_lead=&#8220;yes&#8220;]Wir gestalten keine leblosen H\u00fcllen. Sondern Produkte, die uns ein gutes Gef\u00fchl geben. Wir k\u00f6nnen als Designer vielf\u00e4ltigste Reize setzen, Wahrnehmung und damit Emotionen ganzheit\u00adlich steuern: Design wirkt unter der Oberfl\u00e4che, gerade weil es die Oberfl\u00e4chen gestaltet.[\/vc_custom_heading][\/vc_column][vc_column column_width_percent=&#8220;100&#8243; gutter_size=&#8220;3&#8243; overlay_alpha=&#8220;50&#8243; shift_x=&#8220;-3&#8243; shift_y=&#8220;0&#8243; shift_y_down=&#8220;0&#8243; z_index=&#8220;0&#8243; medium_width=&#8220;0&#8243; mobile_width=&#8220;0&#8243; width=&#8220;7\/12&#8243;][uncode_index el_id=&#8220;https:\/\/avid-studio.com\/?post_type=portfolio&amp;p=81154&#8243; loop=&#8220;size:1|order_by:date|post_type:portfolio|taxonomy_count:10&#8243; gutter_size=&#8220;3&#8243; portfolio_items=&#8220;title,media|featured|onpost|original&#8220; screen_lg=&#8220;1000&#8243; screen_md=&#8220;600&#8243; screen_sm=&#8220;480&#8243; single_text=&#8220;overlay&#8220; single_width=&#8220;12&#8243; images_size=&#8220;four-three&#8220; single_overlay_opacity=&#8220;50&#8243; single_image_anim=&#8220;no&#8220; single_h_align=&#8220;center&#8220; single_padding=&#8220;2&#8243; single_title_dimension=&#8220;h1&#8243; single_title_space=&#8220;fontspace-781688&#8243; single_border=&#8220;yes&#8220; single_css_animation=&#8220;bottom-t-top&#8220; single_animation_speed=&#8220;200&#8243; single_animation_delay=&#8220;600&#8243; offset=&#8220;2&#8243;][\/vc_column][\/vc_row][vc_row unlock_row_content=&#8220;yes&#8220; row_height_percent=&#8220;0&#8243; override_padding=&#8220;yes&#8220; h_padding=&#8220;4&#8243; top_padding=&#8220;2&#8243; bottom_padding=&#8220;0&#8243; overlay_alpha=&#8220;50&#8243; gutter_size=&#8220;4&#8243; column_width_percent=&#8220;100&#8243; shift_y=&#8220;0&#8243; z_index=&#8220;0&#8243;][vc_column column_width_percent=&#8220;100&#8243; gutter_size=&#8220;3&#8243; overlay_alpha=&#8220;50&#8243; shift_x=&#8220;2&#8243; shift_y=&#8220;-5&#8243; shift_y_down=&#8220;-3&#8243; z_index=&#8220;0&#8243; medium_width=&#8220;0&#8243; mobile_width=&#8220;0&#8243; width=&#8220;5\/12&#8243;][uncode_index el_id=&#8220;index-133104&#8243; loop=&#8220;size:1|order_by:date|post_type:portfolio|taxonomy_count:10&#8243; gutter_size=&#8220;3&#8243; portfolio_items=&#8220;title,media|featured|onpost|original&#8220; screen_lg=&#8220;1000&#8243; screen_md=&#8220;600&#8243; screen_sm=&#8220;480&#8243; single_text=&#8220;overlay&#8220; single_width=&#8220;12&#8243; images_size=&#8220;three-two&#8220; single_overlay_opacity=&#8220;50&#8243; single_image_anim=&#8220;no&#8220; single_h_align=&#8220;center&#8220; single_padding=&#8220;2&#8243; single_title_dimension=&#8220;h2&#8243; single_title_space=&#8220;fontspace-781688&#8243; single_border=&#8220;yes&#8220; single_css_animation=&#8220;bottom-t-top&#8220; single_animation_speed=&#8220;200&#8243; single_animation_delay=&#8220;600&#8243; offset=&#8220;3&#8243;][\/vc_column][vc_column column_width_percent=&#8220;100&#8243; gutter_size=&#8220;3&#8243; overlay_alpha=&#8220;50&#8243; shift_x=&#8220;0&#8243; shift_y=&#8220;3&#8243; shift_y_down=&#8220;0&#8243; z_index=&#8220;0&#8243; medium_width=&#8220;0&#8243; mobile_width=&#8220;0&#8243; width=&#8220;7\/12&#8243;][uncode_index el_id=&#8220;index-133104&#8243; loop=&#8220;size:1|order_by:date|post_type:portfolio|taxonomy_count:10&#8243; gutter_size=&#8220;3&#8243; portfolio_items=&#8220;title,media|featured|onpost|original&#8220; screen_lg=&#8220;1000&#8243; screen_md=&#8220;600&#8243; screen_sm=&#8220;480&#8243; single_text=&#8220;overlay&#8220; single_width=&#8220;12&#8243; images_size=&#8220;three-two&#8220; single_overlay_opacity=&#8220;50&#8243; single_image_anim=&#8220;no&#8220; single_h_align=&#8220;center&#8220; single_padding=&#8220;2&#8243; single_title_dimension=&#8220;h1&#8243; single_title_space=&#8220;fontspace-781688&#8243; single_border=&#8220;yes&#8220; single_css_animation=&#8220;bottom-t-top&#8220; single_animation_speed=&#8220;200&#8243; single_animation_delay=&#8220;600&#8243; offset=&#8220;4&#8243;][\/vc_column][\/vc_row][vc_row row_height_percent=&#8220;0&#8243; override_padding=&#8220;yes&#8220; h_padding=&#8220;2&#8243; top_padding=&#8220;2&#8243; bottom_padding=&#8220;0&#8243; back_image=&#8220;63030&#8243; parallax=&#8220;yes&#8220; overlay_alpha=&#8220;50&#8243; gutter_size=&#8220;3&#8243; column_width_percent=&#8220;100&#8243; shift_y=&#8220;-1&#8243; z_index=&#8220;0&#8243;][vc_column column_width_percent=&#8220;100&#8243; gutter_size=&#8220;3&#8243; overlay_alpha=&#8220;50&#8243; shift_x=&#8220;0&#8243; shift_y=&#8220;-5&#8243; shift_y_down=&#8220;0&#8243; z_index=&#8220;0&#8243; medium_width=&#8220;0&#8243; mobile_width=&#8220;0&#8243; width=&#8220;7\/12&#8243;][uncode_index el_id=&#8220;index-133104&#8243; loop=&#8220;size:1|order_by:date|post_type:portfolio|taxonomy_count:10&#8243; gutter_size=&#8220;3&#8243; portfolio_items=&#8220;title,media|featured|onpost|original&#8220; screen_lg=&#8220;1000&#8243; screen_md=&#8220;600&#8243; screen_sm=&#8220;480&#8243; single_text=&#8220;overlay&#8220; single_width=&#8220;12&#8243; images_size=&#8220;three-two&#8220; single_overlay_opacity=&#8220;50&#8243; single_image_anim=&#8220;no&#8220; single_h_align=&#8220;center&#8220; single_padding=&#8220;2&#8243; single_title_dimension=&#8220;h2&#8243; single_title_space=&#8220;fontspace-781688&#8243; single_border=&#8220;yes&#8220; single_css_animation=&#8220;bottom-t-top&#8220; single_animation_speed=&#8220;200&#8243; single_animation_delay=&#8220;600&#8243; offset=&#8220;5&#8243;][\/vc_column][vc_column column_width_percent=&#8220;100&#8243; gutter_size=&#8220;3&#8243; override_padding=&#8220;yes&#8220; column_padding=&#8220;4&#8243; back_color=&#8220;color-wayh&#8220; overlay_alpha=&#8220;50&#8243; shift_x=&#8220;0&#8243; shift_y=&#8220;4&#8243; shift_y_down=&#8220;0&#8243; z_index=&#8220;1&#8243; medium_width=&#8220;0&#8243; mobile_width=&#8220;0&#8243; width=&#8220;5\/12&#8243;][vc_separator sep_color=&#8220;color-xsdn&#8220; el_height=&#8220;2px&#8220;][vc_custom_heading heading_semantic=&#8220;h3&#8243; text_font=&#8220;font-762333&#8243; text_size=&#8220;&#8220; text_weight=&#8220;400&#8243; text_height=&#8220;fontheight-357766&#8243; text_color=&#8220;color-xsdn&#8220; sub_lead=&#8220;yes&#8220;]Gutes Design \u00fcbersetzt sich in Freude am Produkt, also einem Mix aus \u00c4sthetik, Nutzerfreundlichkeit, Innovation und einem konsistent gutem Erlebnis.[\/vc_custom_heading][\/vc_column][\/vc_row][vc_row row_height_percent=&#8220;0&#8243; overlay_alpha=&#8220;50&#8243; gutter_size=&#8220;3&#8243; column_width_percent=&#8220;100&#8243; shift_y=&#8220;-2&#8243; z_index=&#8220;0&#8243;][vc_column column_width_percent=&#8220;100&#8243; gutter_size=&#8220;3&#8243; overlay_alpha=&#8220;50&#8243; shift_x=&#8220;-3&#8243; shift_y=&#8220;0&#8243; shift_y_down=&#8220;0&#8243; z_index=&#8220;0&#8243; medium_width=&#8220;0&#8243; mobile_width=&#8220;0&#8243; width=&#8220;5\/12&#8243;][uncode_index el_id=&#8220;index-133104&#8243; loop=&#8220;size:1|order_by:date|post_type:portfolio|taxonomy_count:10&#8243; gutter_size=&#8220;3&#8243; portfolio_items=&#8220;title,media|featured|onpost|original&#8220; screen_lg=&#8220;1000&#8243; screen_md=&#8220;600&#8243; screen_sm=&#8220;480&#8243; single_text=&#8220;overlay&#8220; single_width=&#8220;10&#8243; single_overlay_opacity=&#8220;50&#8243; single_h_align=&#8220;center&#8220; single_padding=&#8220;2&#8243; single_title_dimension=&#8220;h2&#8243; single_title_space=&#8220;fontspace-781688&#8243; single_border=&#8220;yes&#8220; single_css_animation=&#8220;bottom-t-top&#8220; single_animation_speed=&#8220;200&#8243; single_animation_delay=&#8220;600&#8243; offset=&#8220;6&#8243;][\/vc_column][vc_column column_width_percent=&#8220;100&#8243; gutter_size=&#8220;3&#8243; overlay_alpha=&#8220;50&#8243; shift_x=&#8220;2&#8243; shift_y=&#8220;0&#8243; shift_y_down=&#8220;0&#8243; z_index=&#8220;0&#8243; medium_width=&#8220;0&#8243; mobile_width=&#8220;0&#8243; width=&#8220;7\/12&#8243;][vc_empty_space empty_h=&#8220;3&#8243;][uncode_index el_id=&#8220;index-133104&#8243; loop=&#8220;size:1|order_by:date|post_type:portfolio|taxonomy_count:10&#8243; gutter_size=&#8220;3&#8243; portfolio_items=&#8220;title,media|featured|onpost|original&#8220; screen_lg=&#8220;1000&#8243; screen_md=&#8220;600&#8243; screen_sm=&#8220;480&#8243; single_text=&#8220;overlay&#8220; single_width=&#8220;12&#8243; single_overlay_opacity=&#8220;50&#8243; single_h_align=&#8220;center&#8220; single_padding=&#8220;2&#8243; single_title_dimension=&#8220;h2&#8243; single_border=&#8220;yes&#8220; single_css_animation=&#8220;bottom-t-top&#8220; single_animation_speed=&#8220;200&#8243; single_animation_delay=&#8220;600&#8243; offset=&#8220;7&#8243;][\/vc_column][\/vc_row][vc_row row_height_percent=&#8220;0&#8243; overlay_alpha=&#8220;50&#8243; gutter_size=&#8220;3&#8243; column_width_percent=&#8220;100&#8243; shift_y=&#8220;-3&#8243; z_index=&#8220;0&#8243;][vc_column column_width_percent=&#8220;100&#8243; gutter_size=&#8220;3&#8243; overlay_alpha=&#8220;50&#8243; shift_x=&#8220;0&#8243; shift_y=&#8220;-4&#8243; shift_y_down=&#8220;0&#8243; z_index=&#8220;0&#8243; medium_width=&#8220;0&#8243; mobile_width=&#8220;0&#8243; width=&#8220;7\/12&#8243;][uncode_index el_id=&#8220;index-133104&#8243; loop=&#8220;size:1|order_by:date|post_type:portfolio|taxonomy_count:10&#8243; gutter_size=&#8220;3&#8243; portfolio_items=&#8220;title,media|featured|onpost|original&#8220; screen_lg=&#8220;1000&#8243; screen_md=&#8220;600&#8243; screen_sm=&#8220;480&#8243; single_text=&#8220;overlay&#8220; single_width=&#8220;12&#8243; single_overlay_opacity=&#8220;50&#8243; single_h_align=&#8220;center&#8220; single_padding=&#8220;2&#8243; single_title_dimension=&#8220;h2&#8243; single_border=&#8220;yes&#8220; single_css_animation=&#8220;bottom-t-top&#8220; single_animation_speed=&#8220;200&#8243; single_animation_delay=&#8220;600&#8243; offset=&#8220;8&#8243;][\/vc_column][vc_column width=&#8220;5\/12&#8243;][vc_empty_space empty_h=&#8220;5&#8243;][uncode_index el_id=&#8220;index-133104&#8243; loop=&#8220;size:1|order_by:date|post_type:portfolio|taxonomy_count:10&#8243; gutter_size=&#8220;3&#8243; portfolio_items=&#8220;title,media|featured|onpost|original&#8220; screen_lg=&#8220;1000&#8243; screen_md=&#8220;600&#8243; screen_sm=&#8220;480&#8243; single_text=&#8220;overlay&#8220; single_width=&#8220;12&#8243; images_size=&#8220;four-three&#8220; single_overlay_opacity=&#8220;50&#8243; single_h_align=&#8220;center&#8220; single_padding=&#8220;2&#8243; single_title_dimension=&#8220;h2&#8243; single_border=&#8220;yes&#8220; single_css_animation=&#8220;bottom-t-top&#8220; single_animation_speed=&#8220;200&#8243; single_animation_delay=&#8220;600&#8243; offset=&#8220;9&#8243;][\/vc_column][\/vc_row][vc_row unlock_row_content=&#8220;yes&#8220; row_height_percent=&#8220;0&#8243; override_padding=&#8220;yes&#8220; h_padding=&#8220;2&#8243; top_padding=&#8220;2&#8243; bottom_padding=&#8220;2&#8243; overlay_alpha=&#8220;50&#8243; gutter_size=&#8220;3&#8243; column_width_percent=&#8220;100&#8243; shift_y=&#8220;0&#8243; z_index=&#8220;1&#8243;][vc_column column_width_use_pixel=&#8220;yes&#8220; gutter_size=&#8220;3&#8243; overlay_alpha=&#8220;50&#8243; shift_x=&#8220;0&#8243; shift_y=&#8220;0&#8243; shift_y_down=&#8220;0&#8243; z_index=&#8220;0&#8243; medium_width=&#8220;0&#8243; mobile_width=&#8220;0&#8243; width=&#8220;1\/1&#8243; column_width_pixel=&#8220;1300&#8243;][uncode_index el_id=&#8220;index-133104&#8243; isotope_mode=&#8220;cellsByRow&#8220; loop=&#8220;size:6|order_by:date|post_type:portfolio|taxonomy_count:10&#8243; gutter_size=&#8220;3&#8243; portfolio_items=&#8220;title,media|featured|onpost|original&#8220; screen_lg=&#8220;1000&#8243; screen_md=&#8220;600&#8243; screen_sm=&#8220;480&#8243; single_text=&#8220;overlay&#8220; images_size=&#8220;three-two&#8220; single_overlay_opacity=&#8220;50&#8243; single_image_anim=&#8220;no&#8220; single_h_align=&#8220;center&#8220; single_padding=&#8220;2&#8243; single_title_dimension=&#8220;h4&#8243; single_title_space=&#8220;fontspace-781688&#8243; single_border=&#8220;yes&#8220; single_css_animation=&#8220;bottom-t-top&#8220; single_animation_delay=&#8220;200&#8243; post_matrix=&#8220;matrix&#8220; matrix_amount=&#8220;6&#8243; offset=&#8220;10&#8243; matrix_items=&#8220;eyIwX2kiOnsiaW1hZ2VzX3NpemUiOiJmb3VyLXRocmVlIn0sIjJfaSI6eyJpbWFnZXNfc2l6ZSI6ImZvdXItdGhyZWUifSwiNF9pIjp7ImltYWdlc19zaXplIjoiZm91ci10aHJlZSJ9fQ==&#8220;][\/vc_column][\/vc_row][vc_row unlock_row_content=&#8220;yes&#8220; row_height_percent=&#8220;0&#8243; override_padding=&#8220;yes&#8220; h_padding=&#8220;2&#8243; top_padding=&#8220;0&#8243; bottom_padding=&#8220;3&#8243; overlay_alpha=&#8220;50&#8243; gutter_size=&#8220;3&#8243; column_width_percent=&#8220;100&#8243; shift_y=&#8220;0&#8243; z_index=&#8220;1&#8243;][vc_column column_width_use_pixel=&#8220;yes&#8220; gutter_size=&#8220;3&#8243; overlay_alpha=&#8220;50&#8243; shift_x=&#8220;0&#8243; shift_y=&#8220;0&#8243; shift_y_down=&#8220;0&#8243; z_index=&#8220;0&#8243; medium_width=&#8220;0&#8243; mobile_width=&#8220;0&#8243; width=&#8220;1\/1&#8243; el_class=&#8220;overflow-hidden&#8220; column_width_pixel=&#8220;1300&#8243;][vc_row_inner row_inner_height_percent=&#8220;100&#8243; overlay_alpha=&#8220;50&#8243; equal_height=&#8220;yes&#8220; gutter_size=&#8220;0&#8243; shift_y=&#8220;0&#8243; z_index=&#8220;0&#8243; limit_content=&#8220;&#8220;][vc_column_inner column_width_percent=&#8220;100&#8243; align_horizontal=&#8220;align_center&#8220; gutter_size=&#8220;3&#8243; override_padding=&#8220;yes&#8220; column_padding=&#8220;4&#8243; style=&#8220;dark&#8220; back_color=&#8220;color-wayh&#8220; overlay_alpha=&#8220;50&#8243; shift_x=&#8220;0&#8243; shift_y=&#8220;0&#8243; shift_y_down=&#8220;0&#8243; z_index=&#8220;0&#8243; medium_width=&#8220;0&#8243; mobile_width=&#8220;0&#8243; width=&#8220;1\/2&#8243;][vc_empty_space empty_h=&#8220;0&#8243;][vc_custom_heading text_font=&#8220;font-762333&#8243; text_weight=&#8220;500&#8243; text_color=&#8220;color-xsdn&#8220; sub_lead=&#8220;yes&#8220;]Wir kreieren ganzheitliche Designl\u00f6sungen. Denn darin sind wir besonders gut.[\/vc_custom_heading][vc_empty_space empty_h=&#8220;2&#8243;][vc_button size=&#8220;btn-lg&#8220; border_animation=&#8220;btn-ripple-out&#8220; custom_typo=&#8220;yes&#8220; font_family=&#8220;font-762333&#8243; font_weight=&#8220;500&#8243; letter_spacing=&#8220;fontspace-210350&#8243; border_width=&#8220;0&#8243; icon_position=&#8220;right&#8220; link=&#8220;url:https%3A%2F%2Favid-studio.com%2F%3Fpage_id%3D21524&#8243; icon=&#8220;fa fa-arrow-right2&#8243;]LEISTUNGEN[\/vc_button][vc_empty_space empty_h=&#8220;2&#8243;][\/vc_column_inner][vc_column_inner column_width_percent=&#8220;100&#8243; position_vertical=&#8220;middle&#8220; gutter_size=&#8220;3&#8243; overlay_alpha=&#8220;50&#8243; shift_x=&#8220;0&#8243; shift_y=&#8220;0&#8243; shift_y_down=&#8220;0&#8243; z_index=&#8220;1&#8243; medium_visibility=&#8220;yes&#8220; medium_width=&#8220;0&#8243; mobile_visibility=&#8220;yes&#8220; mobile_width=&#8220;0&#8243; width=&#8220;1\/2&#8243;][\/vc_column_inner][\/vc_row_inner][\/vc_column][\/vc_row]<\/p>\n<\/section>","protected":false},"excerpt":{"rendered":"<p>[vc_row unlock_row_content=&#8220;yes&#8220; row_height_percent=&#8220;0&#8243; override_padding=&#8220;yes&#8220; h_padding=&#8220;3&#8243; top_padding=&#8220;0&#8243; bottom_padding=&#8220;0&#8243; overlay_alpha=&#8220;50&#8243; gutter_size=&#8220;4&#8243; column_width_percent=&#8220;100&#8243; shift_y=&#8220;0&#8243; z_index=&#8220;0&#8243;][vc_column column_width_percent=&#8220;100&#8243; gutter_size=&#8220;3&#8243; overlay_alpha=&#8220;50&#8243; shift_x=&#8220;0&#8243; shift_y=&#8220;-5&#8243; shift_y_down=&#8220;0&#8243; z_index=&#8220;0&#8243; medium_width=&#8220;0&#8243; [&hellip;]<\/p>\n","protected":false},"author":2,"featured_media":0,"parent":0,"menu_order":0,"comment_status":"closed","ping_status":"closed","template":"","meta":{"footnotes":""},"_links":{"self":[{"href":"https:\/\/avid-studio.com\/index.php?rest_route=\/wp\/v2\/pages\/58945"}],"collection":[{"href":"https:\/\/avid-studio.com\/index.php?rest_route=\/wp\/v2\/pages"}],"about":[{"href":"https:\/\/avid-studio.com\/index.php?rest_route=\/wp\/v2\/types\/page"}],"author":[{"embeddable":true,"href":"https:\/\/avid-studio.com\/index.php?rest_route=\/wp\/v2\/users\/2"}],"replies":[{"embeddable":true,"href":"https:\/\/avid-studio.com\/index.php?rest_route=%2Fwp%2Fv2%2Fcomments&post=58945"}],"version-history":[{"count":76,"href":"https:\/\/avid-studio.com\/index.php?rest_route=\/wp\/v2\/pages\/58945\/revisions"}],"predecessor-version":[{"id":82913,"href":"https:\/\/avid-studio.com\/index.php?rest_route=\/wp\/v2\/pages\/58945\/revisions\/82913"}],"wp:attachment":[{"href":"https:\/\/avid-studio.com\/index.php?rest_route=%2Fwp%2Fv2%2Fmedia&parent=58945"}],"curies":[{"name":"wp","href":"https:\/\/api.w.org\/{rel}","templated":true}]}}