{"id":3541,"date":"2014-12-11T17:50:51","date_gmt":"2014-12-11T16:50:51","guid":{"rendered":"https:\/\/undsgn.com\/uncode\/?page_id=3541"},"modified":"2020-12-08T08:27:19","modified_gmt":"2020-12-08T07:27:19","slug":"about-classic","status":"publish","type":"page","link":"https:\/\/avid-studio.com\/?page_id=3541","title":{"rendered":"Agentur"},"content":{"rendered":"<section class=\"wpb-content-wrapper\"><p>[vc_row row_height_percent=&#8220;0&#8243; override_padding=&#8220;yes&#8220; h_padding=&#8220;2&#8243; top_padding=&#8220;5&#8243; bottom_padding=&#8220;5&#8243; back_color=&#8220;color-wayh&#8220; overlay_alpha=&#8220;90&#8243; gutter_size=&#8220;100&#8243; column_width_percent=&#8220;100&#8243; shift_y=&#8220;-2&#8243; z_index=&#8220;0&#8243; style=&#8220;inherited&#8220;][vc_column column_width_percent=&#8220;100&#8243; position_horizontal=&#8220;left&#8220; align_horizontal=&#8220;align_center&#8220; gutter_size=&#8220;4&#8243; overlay_alpha=&#8220;100&#8243; shift_x=&#8220;0&#8243; shift_y=&#8220;-5&#8243; shift_y_down=&#8220;-5&#8243; z_index=&#8220;0&#8243; medium_width=&#8220;0&#8243; mobile_width=&#8220;0&#8243; css_animation=&#8220;bottom-t-top&#8220; zoom_width=&#8220;0&#8243; zoom_height=&#8220;0&#8243; width=&#8220;1\/1&#8243;][vc_row_inner row_inner_height_percent=&#8220;0&#8243; overlay_alpha=&#8220;100&#8243; gutter_size=&#8220;4&#8243; shift_y=&#8220;0&#8243; limit_content=&#8220;&#8220;][vc_column_inner column_width_percent=&#8220;100&#8243; align_horizontal=&#8220;align_center&#8220; gutter_size=&#8220;3&#8243; style=&#8220;dark&#8220; overlay_alpha=&#8220;100&#8243; shift_x=&#8220;-2&#8243; shift_y=&#8220;0&#8243; shift_y_down=&#8220;0&#8243; z_index=&#8220;0&#8243; medium_width=&#8220;3&#8243; mobile_width=&#8220;0&#8243; zoom_width=&#8220;0&#8243; zoom_height=&#8220;0&#8243; width=&#8220;1\/3&#8243;][vc_single_image media=&#8220;80624&#8243; media_width_percent=&#8220;90&#8243;][vc_empty_space empty_h=&#8220;4&#8243;][vc_empty_space empty_h=&#8220;1&#8243;][vc_gallery el_id=&#8220;gallery-388441&#8243; type=&#8220;carousel&#8220; medias=&#8220;79860,80626,80357&#8243; carousel_lg=&#8220;1&#8243; carousel_md=&#8220;1&#8243; carousel_sm=&#8220;1&#8243; thumb_size=&#8220;three-two&#8220; gutter_size=&#8220;3&#8243; media_items=&#8220;media|nolink|original&#8220; carousel_v_align=&#8220;bottom&#8220; carousel_interval=&#8220;3000&#8243; carousel_navspeed=&#8220;400&#8243; carousel_loop=&#8220;yes&#8220; carousel_nav_skin=&#8220;dark&#8220; carousel_dots=&#8220;yes&#8220; carousel_dot_position=&#8220;right&#8220; stage_padding=&#8220;0&#8243; single_text=&#8220;under&#8220; single_overlay_opacity=&#8220;1&#8243; single_overlay_anim=&#8220;no&#8220; single_image_anim=&#8220;no&#8220; single_padding=&#8220;0&#8243;][vc_empty_space empty_h=&#8220;3&#8243;][\/vc_column_inner][vc_column_inner column_width_percent=&#8220;100&#8243; align_horizontal=&#8220;align_center&#8220; gutter_size=&#8220;3&#8243; style=&#8220;dark&#8220; overlay_alpha=&#8220;100&#8243; shift_x=&#8220;0&#8243; shift_y=&#8220;0&#8243; shift_y_down=&#8220;0&#8243; z_index=&#8220;0&#8243; medium_width=&#8220;3&#8243; mobile_width=&#8220;0&#8243; zoom_width=&#8220;0&#8243; zoom_height=&#8220;0&#8243; width=&#8220;1\/3&#8243;][vc_empty_space empty_h=&#8220;3&#8243;][vc_single_image media=&#8220;80617&#8243; media_width_percent=&#8220;80&#8243;][\/vc_column_inner][\/vc_row_inner][\/vc_column][\/vc_row][vc_row row_height_percent=&#8220;0&#8243; back_color=&#8220;color-wayh&#8220; overlay_alpha=&#8220;50&#8243; gutter_size=&#8220;4&#8243; column_width_percent=&#8220;100&#8243; shift_y=&#8220;0&#8243; z_index=&#8220;0&#8243;][vc_column column_width_percent=&#8220;100&#8243; gutter_size=&#8220;3&#8243; overlay_alpha=&#8220;50&#8243; shift_x=&#8220;0&#8243; shift_y=&#8220;0&#8243; shift_y_down=&#8220;0&#8243; z_index=&#8220;0&#8243; medium_width=&#8220;0&#8243; mobile_width=&#8220;0&#8243; width=&#8220;1\/2&#8243;][vc_custom_heading text_font=&#8220;font-762333&#8243; text_size=&#8220;&#8220; text_weight=&#8220;100&#8243; text_space=&#8220;fontspace-781688&#8243; text_color=&#8220;color-xsdn&#8220;]01[\/vc_custom_heading][vc_custom_heading heading_semantic=&#8220;h1&#8243; text_font=&#8220;font-762333&#8243; text_size=&#8220;fontsize-155944&#8243; text_weight=&#8220;500&#8243; text_space=&#8220;fontspace-781688&#8243; text_color=&#8220;color-xsdn&#8220;]Wir geben Ideen<br \/>\neine Gestalt[\/vc_custom_heading][\/vc_column][vc_column column_width_percent=&#8220;100&#8243; position_horizontal=&#8220;left&#8220; gutter_size=&#8220;3&#8243; overlay_alpha=&#8220;50&#8243; shift_x=&#8220;-3&#8243; shift_y=&#8220;0&#8243; shift_y_fixed=&#8220;yes&#8220; shift_y_down=&#8220;0&#8243; z_index=&#8220;0&#8243; medium_width=&#8220;0&#8243; mobile_width=&#8220;0&#8243; width=&#8220;1\/2&#8243;][vc_empty_space empty_h=&#8220;2&#8243;][vc_custom_heading heading_semantic=&#8220;h5&#8243; text_font=&#8220;font-762333&#8243; text_size=&#8220;&#8220; text_weight=&#8220;400&#8243; text_height=&#8220;fontheight-524109&#8243; text_color=&#8220;color-gyho&#8220;]Uns interessiert, wie die Dinge funktionieren und wie sie verbessert werden k\u00f6nnen.\u00a0Egal, ob wir mit Pixeln oder Produkten arbeiten: die Details machen oft den Unterschied und sind ausschlaggebend f\u00fcr herausragende Ergebnisse. Mit Mut zur Ver\u00e4nderung an der richtigen Stelle helfen\u00a0wir\u00a0Produkten\u00a0und Marken schneller entdeckt,\u00a0besser verstanden und intensiver erlebt zu werden.[\/vc_custom_heading][vc_empty_space empty_h=&#8220;2&#8243;][\/vc_column][\/vc_row][vc_row row_height_percent=&#8220;0&#8243; back_color=&#8220;color-wayh&#8220; overlay_alpha=&#8220;50&#8243; gutter_size=&#8220;4&#8243; column_width_percent=&#8220;100&#8243; shift_y=&#8220;0&#8243; z_index=&#8220;0&#8243;][vc_column column_width_percent=&#8220;100&#8243; position_horizontal=&#8220;left&#8220; gutter_size=&#8220;3&#8243; overlay_alpha=&#8220;50&#8243; shift_x=&#8220;0&#8243; shift_y=&#8220;0&#8243; shift_y_fixed=&#8220;yes&#8220; shift_y_down=&#8220;0&#8243; z_index=&#8220;0&#8243; medium_width=&#8220;0&#8243; mobile_width=&#8220;0&#8243; width=&#8220;1\/2&#8243;][vc_custom_heading text_font=&#8220;font-762333&#8243; text_size=&#8220;&#8220; text_weight=&#8220;100&#8243; text_space=&#8220;fontspace-781688&#8243; text_color=&#8220;color-xsdn&#8220;]02[\/vc_custom_heading][vc_custom_heading heading_semantic=&#8220;h1&#8243; text_font=&#8220;font-762333&#8243; text_size=&#8220;fontsize-155944&#8243; text_weight=&#8220;500&#8243; text_space=&#8220;fontspace-781688&#8243; text_color=&#8220;color-xsdn&#8220;]\u00dcberzeugt sein<br \/>\nund Mut haben<br \/>\nf\u00fcr Ver\u00e4nderung[\/vc_custom_heading][\/vc_column][vc_column column_width_percent=&#8220;100&#8243; gutter_size=&#8220;3&#8243; overlay_alpha=&#8220;50&#8243; shift_x=&#8220;-3&#8243; shift_y=&#8220;0&#8243; shift_y_down=&#8220;0&#8243; z_index=&#8220;0&#8243; medium_width=&#8220;0&#8243; mobile_width=&#8220;0&#8243; width=&#8220;1\/2&#8243;][vc_empty_space empty_h=&#8220;2&#8243;][vc_custom_heading heading_semantic=&#8220;h5&#8243; text_font=&#8220;font-762333&#8243; text_size=&#8220;&#8220; text_weight=&#8220;400&#8243; text_height=&#8220;fontheight-524109&#8243; text_color=&#8220;color-gyho&#8220;]Genau zuh\u00f6ren, nie stehen bleiben, aber immer wieder bereit sein,\u00a0neue Wege zu gehen. Ganz unvoreingenommen. Wer\u00a0au\u00dferhalb von Regeln denkt, kann irren. Oder etwas von Wert kreieren.\u00a0Klar positionierte Marken und Produkte sorgen heute wie morgen f\u00fcr den entscheidenden Mehrwert. Wir vertrauen auf unser Gesp\u00fcr f\u00fcr zeitgem\u00e4\u00dfe Gestaltung, um den Anforderungen des gesellschaftlichen Wandels gerecht zu werden.[\/vc_custom_heading][vc_empty_space empty_h=&#8220;2&#8243;][\/vc_column][\/vc_row][vc_row row_height_percent=&#8220;0&#8243; back_color=&#8220;color-wayh&#8220; overlay_alpha=&#8220;50&#8243; gutter_size=&#8220;4&#8243; column_width_percent=&#8220;100&#8243; shift_y=&#8220;0&#8243; z_index=&#8220;0&#8243;][vc_column column_width_percent=&#8220;100&#8243; position_horizontal=&#8220;left&#8220; gutter_size=&#8220;3&#8243; overlay_alpha=&#8220;50&#8243; shift_x=&#8220;0&#8243; shift_y=&#8220;0&#8243; shift_y_fixed=&#8220;yes&#8220; shift_y_down=&#8220;0&#8243; z_index=&#8220;0&#8243; medium_width=&#8220;0&#8243; mobile_width=&#8220;0&#8243; width=&#8220;1\/2&#8243;][vc_custom_heading text_font=&#8220;font-762333&#8243; text_size=&#8220;&#8220; text_weight=&#8220;100&#8243; text_space=&#8220;fontspace-781688&#8243; text_color=&#8220;color-xsdn&#8220;]03[\/vc_custom_heading][vc_custom_heading heading_semantic=&#8220;h1&#8243; text_font=&#8220;font-762333&#8243; text_size=&#8220;fontsize-155944&#8243; text_weight=&#8220;500&#8243; text_space=&#8220;fontspace-781688&#8243; text_color=&#8220;color-xsdn&#8220;]Wir tarnen<br \/>\nProdukte vor der<br \/>\nUnsichtbarkeit[\/vc_custom_heading][\/vc_column][vc_column column_width_percent=&#8220;100&#8243; gutter_size=&#8220;3&#8243; overlay_alpha=&#8220;50&#8243; shift_x=&#8220;-3&#8243; shift_y=&#8220;0&#8243; shift_y_down=&#8220;0&#8243; z_index=&#8220;0&#8243; medium_width=&#8220;0&#8243; mobile_width=&#8220;0&#8243; width=&#8220;1\/2&#8243;][vc_empty_space empty_h=&#8220;2&#8243;][vc_custom_heading heading_semantic=&#8220;h5&#8243; text_font=&#8220;font-762333&#8243; text_size=&#8220;&#8220; text_weight=&#8220;400&#8243; text_height=&#8220;fontheight-524109&#8243; text_color=&#8220;color-gyho&#8220;]Gutes Design \u00fcbersetzt sich in Freude am Produkt, also einem Mix aus \u00c4sthetik, Nutzerfreundlichkeit, Innovation und einem konsistent guten Erlebnis. Wir gestalten keine leblosen H\u00fcllen, sondern Produkte, die uns ein gutes Gef\u00fchl geben. Intuition und Emotion sind dabei unsere Navigationshilfe und Voraussetzung f\u00fcr unikale und originelle L\u00f6sungen.[\/vc_custom_heading][vc_empty_space empty_h=&#8220;4&#8243;][\/vc_column][\/vc_row][vc_row row_height_percent=&#8220;0&#8243; back_color=&#8220;color-wayh&#8220; overlay_alpha=&#8220;50&#8243; gutter_size=&#8220;3&#8243; column_width_percent=&#8220;100&#8243; shift_y=&#8220;0&#8243; z_index=&#8220;0&#8243;][vc_column column_width_percent=&#8220;100&#8243; position_horizontal=&#8220;left&#8220; gutter_size=&#8220;3&#8243; overlay_alpha=&#8220;50&#8243; shift_x=&#8220;0&#8243; shift_y=&#8220;0&#8243; shift_y_fixed=&#8220;yes&#8220; shift_y_down=&#8220;0&#8243; z_index=&#8220;0&#8243; medium_width=&#8220;0&#8243; mobile_width=&#8220;0&#8243; width=&#8220;2\/3&#8243;][vc_single_image media=&#8220;80620&#8243; media_width_percent=&#8220;100&#8243; media_ratio=&#8220;five-four&#8220;][vc_empty_space empty_h=&#8220;2&#8243;][vc_custom_heading heading_semantic=&#8220;h5&#8243; text_font=&#8220;font-762333&#8243; text_size=&#8220;&#8220; text_weight=&#8220;400&#8243; text_height=&#8220;fontheight-524109&#8243; text_color=&#8220;color-gyho&#8220;]Hinter AVID stehen die Produktdesigner Marcel Ebert und<br \/>\nJirko Spinger. Zusammengefunden haben sie w\u00e4hrend des<br \/>\nDesign-Studiums an der HTW-Dresden. Seitdem verfolgen<br \/>\nSie ein\u00a0gemeinsames Ziel: &#8222;Mit kreativen Designl\u00f6sungen,<br \/>\nzu besseren\u00a0Produkten.&#8220;[\/vc_custom_heading][vc_empty_space empty_h=&#8220;2&#8243;][\/vc_column][vc_column column_width_percent=&#8220;100&#8243; gutter_size=&#8220;3&#8243; overlay_alpha=&#8220;50&#8243; shift_x=&#8220;0&#8243; shift_y=&#8220;0&#8243; shift_y_down=&#8220;0&#8243; z_index=&#8220;0&#8243; medium_width=&#8220;0&#8243; mobile_width=&#8220;0&#8243; width=&#8220;1\/3&#8243;][\/vc_column][\/vc_row][vc_row row_height_percent=&#8220;0&#8243; back_color=&#8220;color-wayh&#8220; overlay_alpha=&#8220;50&#8243; gutter_size=&#8220;3&#8243; column_width_percent=&#8220;100&#8243; shift_y=&#8220;0&#8243; z_index=&#8220;0&#8243;][vc_column column_width_percent=&#8220;100&#8243; position_horizontal=&#8220;left&#8220; gutter_size=&#8220;3&#8243; overlay_alpha=&#8220;50&#8243; shift_x=&#8220;0&#8243; shift_y=&#8220;0&#8243; shift_y_fixed=&#8220;yes&#8220; shift_y_down=&#8220;0&#8243; z_index=&#8220;0&#8243; medium_width=&#8220;0&#8243; mobile_width=&#8220;0&#8243; width=&#8220;1\/3&#8243;][vc_empty_space empty_h=&#8220;2&#8243;][vc_empty_space empty_h=&#8220;2&#8243;][\/vc_column][vc_column column_width_percent=&#8220;100&#8243; gutter_size=&#8220;3&#8243; overlay_alpha=&#8220;50&#8243; shift_x=&#8220;0&#8243; shift_y=&#8220;0&#8243; shift_y_down=&#8220;0&#8243; z_index=&#8220;0&#8243; medium_width=&#8220;0&#8243; mobile_width=&#8220;0&#8243; width=&#8220;1\/3&#8243;][vc_single_image media=&#8220;80636&#8243; media_width_percent=&#8220;100&#8243;][\/vc_column][vc_column width=&#8220;1\/3&#8243;][vc_single_image media=&#8220;80512&#8243; media_width_percent=&#8220;100&#8243; media_ratio=&#8220;four-three&#8220;][vc_custom_heading heading_semantic=&#8220;h5&#8243; text_font=&#8220;font-762333&#8243; text_size=&#8220;&#8220; text_weight=&#8220;400&#8243; text_height=&#8220;fontheight-524109&#8243; text_color=&#8220;color-xsdn&#8220;]Unser Designb\u00fcro befindet sich in der Radeberger Vorstadt, perfekt erreichbar \u00fcber die Bautzner Stra\u00dfe.[\/vc_custom_heading][\/vc_column][\/vc_row][vc_row row_height_percent=&#8220;0&#8243; back_color=&#8220;color-wayh&#8220; overlay_alpha=&#8220;50&#8243; gutter_size=&#8220;3&#8243; column_width_percent=&#8220;100&#8243; shift_y=&#8220;0&#8243; z_index=&#8220;0&#8243;][vc_column width=&#8220;3\/4&#8243;][vc_custom_heading heading_semantic=&#8220;h5&#8243; text_font=&#8220;font-762333&#8243; text_size=&#8220;&#8220; text_weight=&#8220;400&#8243; text_transform=&#8220;uppercase&#8220; text_space=&#8220;fontspace-210350&#8243; text_color=&#8220;color-prif&#8220;]UNSERE KUNDEN[\/vc_custom_heading][vc_empty_space empty_h=&#8220;2&#8243;][vc_custom_heading heading_semantic=&#8220;h1&#8243; text_font=&#8220;font-762333&#8243; text_size=&#8220;fontsize-155944&#8243; text_weight=&#8220;500&#8243; text_space=&#8220;fontspace-781688&#8243; text_color=&#8220;color-xsdn&#8220;]F\u00fcr Marken die was zu sagen haben.<br \/>\nVom Startup bis zum Weltkonzern.<br \/>\nF\u00fcr wen wir so arbeiten.[\/vc_custom_heading][vc_empty_space empty_h=&#8220;3&#8243;][vc_gallery el_id=&#8220;gallery-123899&#8243; medias=&#8220;79687,79686,79685,79684,79683,79682,79681,79680,79679,79678,79677,79676&#8243; gutter_size=&#8220;5&#8243; media_items=&#8220;media|nolink|original,icon&#8220; screen_lg=&#8220;1000&#8243; screen_md=&#8220;300&#8243; screen_sm=&#8220;300&#8243; single_width=&#8220;3&#8243; single_overlay_opacity=&#8220;50&#8243; single_overlay_anim=&#8220;no&#8220; single_text_anim=&#8220;no&#8220; single_image_anim=&#8220;no&#8220; single_padding=&#8220;2&#8243; single_border=&#8220;yes&#8220; single_css_animation=&#8220;zoom-in&#8220;][vc_empty_space empty_h=&#8220;3&#8243;][\/vc_column][vc_column width=&#8220;1\/4&#8243;][vc_empty_space empty_h=&#8220;3&#8243;][vc_empty_space empty_h=&#8220;3&#8243;][\/vc_column][\/vc_row][vc_row row_height_percent=&#8220;0&#8243; back_color=&#8220;color-xsdn&#8220; overlay_alpha=&#8220;50&#8243; gutter_size=&#8220;3&#8243; column_width_percent=&#8220;100&#8243; shift_y=&#8220;0&#8243; z_index=&#8220;0&#8243;][vc_column column_width_percent=&#8220;100&#8243; gutter_size=&#8220;3&#8243; overlay_alpha=&#8220;50&#8243; shift_x=&#8220;0&#8243; shift_y=&#8220;0&#8243; shift_y_down=&#8220;0&#8243; z_index=&#8220;0&#8243; medium_width=&#8220;0&#8243; mobile_width=&#8220;0&#8243; width=&#8220;1\/2&#8243;][vc_empty_space empty_h=&#8220;5&#8243;][vc_single_image media=&#8220;80621&#8243; media_width_percent=&#8220;100&#8243; media_ratio=&#8220;four-three&#8220;][\/vc_column][vc_column column_width_percent=&#8220;100&#8243; gutter_size=&#8220;3&#8243; style=&#8220;light&#8220; overlay_alpha=&#8220;50&#8243; shift_x=&#8220;0&#8243; shift_y=&#8220;0&#8243; shift_y_down=&#8220;0&#8243; z_index=&#8220;0&#8243; medium_width=&#8220;0&#8243; mobile_width=&#8220;0&#8243; width=&#8220;1\/2&#8243;][vc_empty_space empty_h=&#8220;2&#8243;][vc_single_image media=&#8220;80511&#8243; media_width_percent=&#8220;60&#8243;][vc_empty_space empty_h=&#8220;2&#8243;][vc_gallery el_id=&#8220;gallery-160877&#8243; type=&#8220;carousel&#8220; medias=&#8220;79758,79869,79755,79636&#8243; carousel_lg=&#8220;1&#8243; carousel_md=&#8220;1&#8243; carousel_sm=&#8220;1&#8243; thumb_size=&#8220;three-two&#8220; gutter_size=&#8220;3&#8243; media_items=&#8220;media|nolink|original&#8220; carousel_interval=&#8220;3000&#8243; carousel_navspeed=&#8220;400&#8243; carousel_loop=&#8220;yes&#8220; carousel_dots=&#8220;yes&#8220; carousel_dot_position=&#8220;left&#8220; stage_padding=&#8220;0&#8243; single_overlay_opacity=&#8220;1&#8243; single_image_anim=&#8220;no&#8220; single_padding=&#8220;2&#8243; single_border=&#8220;yes&#8220;][\/vc_column][\/vc_row][vc_row row_height_percent=&#8220;0&#8243; back_color=&#8220;color-xsdn&#8220; overlay_alpha=&#8220;50&#8243; gutter_size=&#8220;3&#8243; column_width_percent=&#8220;100&#8243; shift_y=&#8220;-2&#8243; z_index=&#8220;0&#8243;][vc_column column_width_percent=&#8220;100&#8243; gutter_size=&#8220;3&#8243; overlay_alpha=&#8220;50&#8243; shift_x=&#8220;0&#8243; shift_y=&#8220;0&#8243; shift_y_down=&#8220;0&#8243; z_index=&#8220;0&#8243; medium_width=&#8220;0&#8243; mobile_width=&#8220;0&#8243; width=&#8220;1\/3&#8243;][vc_custom_heading heading_semantic=&#8220;h1&#8243; text_font=&#8220;font-762333&#8243; text_size=&#8220;fontsize-155944&#8243; text_weight=&#8220;500&#8243; text_space=&#8220;fontspace-781688&#8243; text_color=&#8220;color-wayh&#8220;]Listen, Engade<br \/>\nand build<br \/>\nRelationships.[\/vc_custom_heading][vc_button button_color=&#8220;color-wayh&#8220; size=&#8220;btn-lg&#8220; border_animation=&#8220;btn-ripple-out&#8220; custom_typo=&#8220;yes&#8220; font_family=&#8220;font-762333&#8243; font_weight=&#8220;100&#8243; letter_spacing=&#8220;fontspace-210350&#8243; border_width=&#8220;0&#8243; icon_position=&#8220;right&#8220; link=&#8220;url:https%3A%2F%2Fwww.instagram.com%2Faviddesignstudio%2F|||&#8220; icon=&#8220;fa fa-arrow-right2&#8243;]INSTAGRAM[\/vc_button][vc_empty_space empty_h=&#8220;4&#8243;][\/vc_column][vc_column width=&#8220;1\/3&#8243;][vc_empty_space empty_h=&#8220;3&#8243;][vc_custom_heading heading_semantic=&#8220;h5&#8243; text_font=&#8220;font-762333&#8243; text_size=&#8220;&#8220; text_weight=&#8220;400&#8243; text_height=&#8220;fontheight-524109&#8243; text_color=&#8220;color-wayh&#8220;]Egal ob News von unterwegs, die neuesten Projektposts oder einfach nur deine t\u00e4gliche Dosis Inspiration: Folge uns auf Instagram und werde Teil unserer Story. Authentisch, transparent und direkt mittendrin.[\/vc_custom_heading][\/vc_column][vc_column width=&#8220;1\/3&#8243;][\/vc_column][\/vc_row]<\/p>\n<\/section>","protected":false},"excerpt":{"rendered":"<p>[vc_row row_height_percent=&#8220;0&#8243; override_padding=&#8220;yes&#8220; h_padding=&#8220;2&#8243; top_padding=&#8220;5&#8243; bottom_padding=&#8220;5&#8243; back_color=&#8220;color-wayh&#8220; overlay_alpha=&#8220;90&#8243; gutter_size=&#8220;100&#8243; column_width_percent=&#8220;100&#8243; shift_y=&#8220;-2&#8243; z_index=&#8220;0&#8243; style=&#8220;inherited&#8220;][vc_column column_width_percent=&#8220;100&#8243; position_horizontal=&#8220;left&#8220; align_horizontal=&#8220;align_center&#8220; gutter_size=&#8220;4&#8243; overlay_alpha=&#8220;100&#8243; shift_x=&#8220;0&#8243; shift_y=&#8220;-5&#8243; [&hellip;]<\/p>\n","protected":false},"author":2,"featured_media":0,"parent":0,"menu_order":0,"comment_status":"open","ping_status":"closed","template":"","meta":{"footnotes":""},"_links":{"self":[{"href":"https:\/\/avid-studio.com\/index.php?rest_route=\/wp\/v2\/pages\/3541"}],"collection":[{"href":"https:\/\/avid-studio.com\/index.php?rest_route=\/wp\/v2\/pages"}],"about":[{"href":"https:\/\/avid-studio.com\/index.php?rest_route=\/wp\/v2\/types\/page"}],"author":[{"embeddable":true,"href":"https:\/\/avid-studio.com\/index.php?rest_route=\/wp\/v2\/users\/2"}],"replies":[{"embeddable":true,"href":"https:\/\/avid-studio.com\/index.php?rest_route=%2Fwp%2Fv2%2Fcomments&post=3541"}],"version-history":[{"count":79,"href":"https:\/\/avid-studio.com\/index.php?rest_route=\/wp\/v2\/pages\/3541\/revisions"}],"predecessor-version":[{"id":82901,"href":"https:\/\/avid-studio.com\/index.php?rest_route=\/wp\/v2\/pages\/3541\/revisions\/82901"}],"wp:attachment":[{"href":"https:\/\/avid-studio.com\/index.php?rest_route=%2Fwp%2Fv2%2Fmedia&parent=3541"}],"curies":[{"name":"wp","href":"https:\/\/api.w.org\/{rel}","templated":true}]}}