{"id":21524,"date":"2015-06-09T15:42:32","date_gmt":"2015-06-09T13:42:32","guid":{"rendered":"https:\/\/undsgn.com\/uncode\/?page_id=21524"},"modified":"2022-05-04T22:25:12","modified_gmt":"2022-05-04T20:25:12","slug":"creative-artist","status":"publish","type":"page","link":"https:\/\/avid-studio.com\/?page_id=21524","title":{"rendered":"Leistungen"},"content":{"rendered":"<section class=\"wpb-content-wrapper\"><p>[vc_row row_height_percent=&#8220;0&#8243; override_padding=&#8220;yes&#8220; h_padding=&#8220;2&#8243; top_padding=&#8220;0&#8243; bottom_padding=&#8220;0&#8243; overlay_alpha=&#8220;100&#8243; gutter_size=&#8220;3&#8243; column_width_percent=&#8220;100&#8243; shift_y=&#8220;-5&#8243; z_index=&#8220;0&#8243; row_height_use_pixel=&#8220;&#8220;][vc_column column_width_percent=&#8220;89&#8243; gutter_size=&#8220;3&#8243; overlay_alpha=&#8220;50&#8243; shift_x=&#8220;0&#8243; shift_y=&#8220;0&#8243; shift_y_down=&#8220;0&#8243; z_index=&#8220;0&#8243; medium_width=&#8220;0&#8243; mobile_width=&#8220;0&#8243; css_animation=&#8220;bottom-t-top&#8220; zoom_width=&#8220;0&#8243; zoom_height=&#8220;0&#8243; width=&#8220;5\/6&#8243;][vc_single_image media=&#8220;80808&#8243; media_poster=&#8220;yes&#8220; media_width_percent=&#8220;100&#8243; media_ratio=&#8220;three-two&#8220; media_title_uppercase=&#8220;&#8220;][vc_empty_space empty_h=&#8220;2&#8243;][\/vc_column][vc_column column_width_use_pixel=&#8220;yes&#8220; gutter_size=&#8220;3&#8243; overlay_alpha=&#8220;50&#8243; shift_x=&#8220;0&#8243; shift_y=&#8220;0&#8243; shift_y_down=&#8220;0&#8243; z_index=&#8220;0&#8243; medium_width=&#8220;0&#8243; mobile_width=&#8220;0&#8243; css_animation=&#8220;bottom-t-top&#8220; zoom_width=&#8220;0&#8243; zoom_height=&#8220;0&#8243; width=&#8220;1\/6&#8243;][\/vc_column][\/vc_row][vc_row][vc_column column_width_percent=&#8220;85&#8243; gutter_size=&#8220;3&#8243; overlay_alpha=&#8220;50&#8243; shift_x=&#8220;-2&#8243; shift_y=&#8220;0&#8243; shift_y_down=&#8220;0&#8243; z_index=&#8220;0&#8243; medium_width=&#8220;0&#8243; mobile_width=&#8220;0&#8243; width=&#8220;1\/2&#8243;][vc_custom_heading heading_semantic=&#8220;h1&#8243; text_font=&#8220;font-762333&#8243; text_size=&#8220;fontsize-160206&#8243; text_weight=&#8220;500&#8243; text_color=&#8220;color-xsdn&#8220;]01[\/vc_custom_heading][vc_custom_heading heading_semantic=&#8220;h1&#8243; text_font=&#8220;font-762333&#8243; text_size=&#8220;fontsize-155944&#8243; text_weight=&#8220;500&#8243; text_color=&#8220;color-xsdn&#8220;]Design Thinking<br \/>\n&amp; Strategie[\/vc_custom_heading][vc_custom_heading heading_semantic=&#8220;h5&#8243; text_font=&#8220;font-762333&#8243; text_size=&#8220;&#8220; text_weight=&#8220;400&#8243; text_height=&#8220;fontheight-524109&#8243; text_space=&#8220;fontspace-781688&#8243; text_color=&#8220;color-lxmt&#8220;]Unser Ausgangspunkt ist oft undefiniert.\u00a0<span class=\"Apple-converted-space\">Wir helfen dabei, die Perspektive zu sch\u00e4rfen, Informationen zu vermitteln und Beziehungen aufzubauen.\u00a0<\/span>Dadurch beschleunigen wir die Entwicklung realer L\u00f6sungen und liefern so greifbare Ergebnisse \u2013\u00a0f\u00fcr langfristigen und messbaren Erfolg.[\/vc_custom_heading][\/vc_column][vc_column column_width_percent=&#8220;85&#8243; gutter_size=&#8220;3&#8243; overlay_alpha=&#8220;50&#8243; shift_x=&#8220;0&#8243; shift_y=&#8220;0&#8243; shift_y_down=&#8220;0&#8243; z_index=&#8220;0&#8243; medium_width=&#8220;0&#8243; mobile_width=&#8220;0&#8243; width=&#8220;1\/2&#8243;][vc_empty_space empty_h=&#8220;5&#8243;][vc_custom_heading heading_semantic=&#8220;h1&#8243; text_font=&#8220;font-762333&#8243; text_size=&#8220;fontsize-160206&#8243; text_weight=&#8220;500&#8243; text_color=&#8220;color-xsdn&#8220;]02[\/vc_custom_heading][vc_custom_heading heading_semantic=&#8220;h1&#8243; text_font=&#8220;font-762333&#8243; text_size=&#8220;fontsize-155944&#8243; text_weight=&#8220;500&#8243; text_color=&#8220;color-xsdn&#8220;]Produkt<br \/>\nDesign[\/vc_custom_heading][vc_custom_heading heading_semantic=&#8220;h5&#8243; text_font=&#8220;font-762333&#8243; text_size=&#8220;&#8220; text_weight=&#8220;400&#8243; text_height=&#8220;fontheight-524109&#8243; text_space=&#8220;fontspace-781688&#8243; text_color=&#8220;color-lxmt&#8220;]Gutes Design \u00fcbersetzt sich in Freude am Produkt, also einem Mix aus \u00c4sthetik, Nutzerfreundlichkeit, Innovation und einem konsistent gutem Erlebnis. F\u00fcr unsere Kunden formulieren wir Werte, entwickeln \u00e4sthetische, starke Formen und gestalten so inspirierende Produkte, die nicht nur verstanden, sondern auch geliebt werden.[\/vc_custom_heading][\/vc_column][\/vc_row][vc_row row_height_percent=&#8220;0&#8243; overlay_alpha=&#8220;50&#8243; gutter_size=&#8220;3&#8243; column_width_percent=&#8220;100&#8243; shift_y=&#8220;-2&#8243; z_index=&#8220;0&#8243;][vc_column column_width_percent=&#8220;85&#8243; gutter_size=&#8220;3&#8243; overlay_alpha=&#8220;50&#8243; shift_x=&#8220;-2&#8243; shift_y=&#8220;-3&#8243; shift_y_down=&#8220;0&#8243; z_index=&#8220;0&#8243; medium_width=&#8220;0&#8243; mobile_width=&#8220;0&#8243; width=&#8220;1\/2&#8243;][vc_custom_heading heading_semantic=&#8220;h1&#8243; text_font=&#8220;font-762333&#8243; text_size=&#8220;fontsize-160206&#8243; text_weight=&#8220;500&#8243; text_color=&#8220;color-xsdn&#8220;]03[\/vc_custom_heading][vc_custom_heading heading_semantic=&#8220;h1&#8243; text_font=&#8220;font-762333&#8243; text_size=&#8220;fontsize-155944&#8243; text_weight=&#8220;500&#8243; text_color=&#8220;color-xsdn&#8220;]Digital &amp;<br \/>\nUI \/ UX Design[\/vc_custom_heading][vc_custom_heading heading_semantic=&#8220;h5&#8243; text_font=&#8220;font-762333&#8243; text_size=&#8220;&#8220; text_weight=&#8220;400&#8243; text_height=&#8220;fontheight-524109&#8243; text_space=&#8220;fontspace-781688&#8243; text_color=&#8220;color-lxmt&#8220;]Egal ob Web-Design oder komplexe Softwareanwendung: wir begleiten dich in die digitale Welt von morgen &#8211; f\u00fcr ein ganzheitliches Markenerlebnis an allen Schnittstellen zwischen Produkt, Marke und den Kunden. Wir generieren ma\u00dfgeschneiderte Erlebnisse, imagef\u00f6rdernd und wertsch\u00f6pfend.[\/vc_custom_heading][\/vc_column][vc_column column_width_percent=&#8220;85&#8243; gutter_size=&#8220;3&#8243; overlay_alpha=&#8220;50&#8243; shift_x=&#8220;0&#8243; shift_y=&#8220;0&#8243; shift_y_down=&#8220;0&#8243; z_index=&#8220;0&#8243; medium_width=&#8220;0&#8243; mobile_width=&#8220;0&#8243; width=&#8220;1\/2&#8243;][vc_empty_space empty_h=&#8220;3&#8243;][vc_custom_heading heading_semantic=&#8220;h1&#8243; text_font=&#8220;font-762333&#8243; text_size=&#8220;fontsize-160206&#8243; text_weight=&#8220;500&#8243; text_color=&#8220;color-xsdn&#8220;]04[\/vc_custom_heading][vc_custom_heading heading_semantic=&#8220;h1&#8243; text_font=&#8220;font-762333&#8243; text_size=&#8220;fontsize-155944&#8243; text_weight=&#8220;500&#8243; text_color=&#8220;color-xsdn&#8220;]Corporate<br \/>\nDesign[\/vc_custom_heading][vc_custom_heading heading_semantic=&#8220;h5&#8243; text_font=&#8220;font-762333&#8243; text_size=&#8220;&#8220; text_weight=&#8220;400&#8243; text_height=&#8220;fontheight-524109&#8243; text_space=&#8220;fontspace-781688&#8243; text_color=&#8220;color-lxmt&#8220;]Basis ist eine klare Strategie. Wir stellen die Marke in den Fokus des Produktes und das Produkt in den Fokus der Marke. Mit perfekt aufeinander abgestimmten Kommunikationssystemen sorgen wir f\u00fcr eine individuelle, visuelle DNA und machen Unternehmen fit f\u00fcr die Zukunft.[\/vc_custom_heading][\/vc_column][\/vc_row][vc_row][vc_column width=&#8220;3\/4&#8243;][vc_custom_heading heading_semantic=&#8220;h5&#8243; text_font=&#8220;font-762333&#8243; text_size=&#8220;&#8220; text_weight=&#8220;400&#8243; text_transform=&#8220;uppercase&#8220; text_space=&#8220;fontspace-210350&#8243; text_color=&#8220;color-wvjs&#8220;]DESIGNPROZESS[\/vc_custom_heading][vc_empty_space empty_h=&#8220;2&#8243;][vc_custom_heading heading_semantic=&#8220;h1&#8243; text_font=&#8220;font-762333&#8243; text_size=&#8220;fontsize-155944&#8243; text_weight=&#8220;500&#8243; text_space=&#8220;fontspace-781688&#8243; text_color=&#8220;color-xsdn&#8220;]Design wirkt unter der Oberfl\u00e4che, gerade weil es Oberfl\u00e4chen gestaltet.[\/vc_custom_heading][\/vc_column][vc_column width=&#8220;1\/4&#8243;][\/vc_column][\/vc_row][vc_row row_height_percent=&#8220;0&#8243; overlay_alpha=&#8220;50&#8243; gutter_size=&#8220;3&#8243; column_width_percent=&#8220;100&#8243; shift_y=&#8220;2&#8243; z_index=&#8220;0&#8243;][vc_column width=&#8220;1\/3&#8243;][vc_empty_space empty_h=&#8220;5&#8243;][vc_empty_space empty_h=&#8220;5&#8243;][vc_custom_heading heading_semantic=&#8220;h5&#8243; text_font=&#8220;font-762333&#8243; text_size=&#8220;&#8220; text_weight=&#8220;400&#8243; text_height=&#8220;fontheight-357766&#8243; text_color=&#8220;color-xsdn&#8220;]Egal ob wir Produkte entwerfen oder Marken gestalten, das erste, was wir tun, ist zuh\u00f6ren. Dann machen wir uns an die Arbeit und entwickeln eine effektive Designstrategie. Gemeinsam verfolgen wir einen spezifischen Zweck, der unseren Designprozess untermauert und die Grundlage f\u00fcr ein bedeutungsvolles Produkt, eine Marke oder ein emotionales Erlebnis bildet.[\/vc_custom_heading][\/vc_column][vc_column column_width_percent=&#8220;100&#8243; gutter_size=&#8220;3&#8243; overlay_alpha=&#8220;50&#8243; shift_x=&#8220;2&#8243; shift_y=&#8220;0&#8243; shift_y_down=&#8220;0&#8243; z_index=&#8220;0&#8243; medium_width=&#8220;0&#8243; mobile_width=&#8220;0&#8243; width=&#8220;2\/3&#8243;][vc_single_image media=&#8220;80639&#8243; media_width_percent=&#8220;90&#8243; media_ratio=&#8220;three-four&#8220;][\/vc_column][\/vc_row][vc_row][vc_column width=&#8220;2\/3&#8243;][vc_single_image media=&#8220;80624&#8243; media_width_percent=&#8220;90&#8243;][\/vc_column][vc_column width=&#8220;1\/3&#8243;][\/vc_column][\/vc_row][vc_row][vc_column column_width_percent=&#8220;100&#8243; gutter_size=&#8220;3&#8243; overlay_alpha=&#8220;50&#8243; shift_x=&#8220;4&#8243; shift_y=&#8220;0&#8243; shift_y_down=&#8220;0&#8243; z_index=&#8220;0&#8243; medium_width=&#8220;0&#8243; mobile_width=&#8220;0&#8243; width=&#8220;1\/3&#8243;][vc_empty_space empty_h=&#8220;5&#8243;][vc_empty_space empty_h=&#8220;3&#8243;][vc_custom_heading heading_semantic=&#8220;h5&#8243; text_font=&#8220;font-762333&#8243; text_size=&#8220;&#8220; text_weight=&#8220;400&#8243; text_height=&#8220;fontheight-357766&#8243; text_color=&#8220;color-xsdn&#8220;]Jedes Projekt hat einen anderen Fokus, daher wenden wir ganz unterschiedliche Designprozesse an, um die nat\u00fcrliche Entwicklung zu unterst\u00fctzen. Wir skizzieren, um Ideen auszutauschen. Je nach Projekt k\u00f6nnen diese Skizzen roh und rein kommunikativ oder f\u00fcr das Produkt realistisch sein.[\/vc_custom_heading][\/vc_column][vc_column column_width_percent=&#8220;100&#8243; gutter_size=&#8220;3&#8243; overlay_alpha=&#8220;50&#8243; shift_x=&#8220;-2&#8243; shift_y=&#8220;0&#8243; shift_y_down=&#8220;0&#8243; z_index=&#8220;0&#8243; medium_width=&#8220;0&#8243; mobile_width=&#8220;0&#8243; width=&#8220;2\/3&#8243;][vc_single_image media=&#8220;80357&#8243; media_width_percent=&#8220;70&#8243; media_ratio=&#8220;three-four&#8220; alignment=&#8220;right&#8220;][\/vc_column][\/vc_row][vc_row][vc_column width=&#8220;2\/3&#8243;][vc_single_image media=&#8220;80534&#8243; media_width_percent=&#8220;95&#8243; media_ratio=&#8220;three-two&#8220;][\/vc_column][vc_column width=&#8220;1\/3&#8243;][vc_empty_space empty_h=&#8220;4&#8243;][vc_custom_heading heading_semantic=&#8220;h5&#8243; text_font=&#8220;font-762333&#8243; text_size=&#8220;&#8220; text_weight=&#8220;400&#8243; text_height=&#8220;fontheight-357766&#8243; text_color=&#8220;color-xsdn&#8220;]Wir wollen Produkte erleben und Formen f\u00fchlen. 3D-Druck, Skizzieren, Mock-Ups und Rapid Prototyping sind alles Techniken, mit denen wir Ideen in konkrete Formen \u00fcberf\u00fchren.[\/vc_custom_heading][\/vc_column][\/vc_row][vc_row][vc_column width=&#8220;1\/1&#8243;][vc_single_image media=&#8220;80626&#8243; media_width_percent=&#8220;40&#8243; alignment=&#8220;center&#8220;][\/vc_column][\/vc_row][vc_row][vc_column column_width_percent=&#8220;100&#8243; gutter_size=&#8220;3&#8243; overlay_alpha=&#8220;50&#8243; shift_x=&#8220;-2&#8243; shift_y=&#8220;0&#8243; shift_y_down=&#8220;0&#8243; z_index=&#8220;0&#8243; medium_width=&#8220;0&#8243; mobile_width=&#8220;0&#8243; width=&#8220;2\/3&#8243;][vc_single_image media=&#8220;82540&#8243; media_width_percent=&#8220;100&#8243;][vc_empty_space empty_h=&#8220;3&#8243;][\/vc_column][vc_column width=&#8220;1\/3&#8243;][vc_empty_space empty_h=&#8220;4&#8243;][vc_custom_heading heading_semantic=&#8220;h5&#8243; text_font=&#8220;font-762333&#8243; text_size=&#8220;&#8220; text_weight=&#8220;400&#8243; text_height=&#8220;fontheight-357766&#8243; text_color=&#8220;color-xsdn&#8220;]Wir k\u00fcmmern uns um Sinn, Sinne und Seele \u2013 und lassen uns beim Rendern, Schneidern, Konstruieren ganz entspannt von intelligenten Tools helfen.<span class=\"Apple-converted-space\">\u00a0<\/span>Wir sind Experten f\u00fcr eine Vielzahl von 2D- und 3D-Programmen um sicherzustellen, dass unsere Ideen realistisch sind. Sp\u00e4ter im Prozess verwenden wir die Software f\u00fcr die Fertigungsvorbereitung, gestalten hochwertige Druckerzeugnisse oder \u00fcbergeben Daten pixelgenau an unsere Programmierer.[\/vc_custom_heading][\/vc_column][\/vc_row][vc_row][vc_column width=&#8220;1\/4&#8243;][\/vc_column][vc_column width=&#8220;3\/4&#8243;][vc_custom_heading heading_semantic=&#8220;h5&#8243; text_font=&#8220;font-762333&#8243; text_size=&#8220;&#8220; text_weight=&#8220;400&#8243; text_transform=&#8220;uppercase&#8220; text_space=&#8220;fontspace-210350&#8243; text_color=&#8220;color-wvjs&#8220;]EXPERTISE[\/vc_custom_heading][vc_empty_space empty_h=&#8220;2&#8243;][vc_custom_heading heading_semantic=&#8220;h1&#8243; text_font=&#8220;font-762333&#8243; text_size=&#8220;fontsize-155944&#8243; text_weight=&#8220;500&#8243; text_space=&#8220;fontspace-781688&#8243; text_color=&#8220;color-xsdn&#8220;]Wir kreieren ganzheitliche Designl\u00f6sungen. Denn darin<br \/>\nsind wir besonders gut:[\/vc_custom_heading][\/vc_column][\/vc_row][vc_row row_height_percent=&#8220;0&#8243; overlay_alpha=&#8220;50&#8243; gutter_size=&#8220;3&#8243; column_width_percent=&#8220;100&#8243; shift_y=&#8220;0&#8243; z_index=&#8220;0&#8243;][vc_column width=&#8220;1\/3&#8243;][vc_single_image media=&#8220;79801&#8243; media_width_percent=&#8220;100&#8243; media_ratio=&#8220;four-three&#8220;][vc_custom_heading heading_semantic=&#8220;h3&#8243; text_size=&#8220;&#8220; text_weight=&#8220;500&#8243; text_color=&#8220;color-xsdn&#8220;]Produkt Design[\/vc_custom_heading][vc_custom_heading heading_semantic=&#8220;h5&#8243; text_font=&#8220;font-762333&#8243; text_size=&#8220;&#8220; text_weight=&#8220;400&#8243; text_height=&#8220;fontheight-357766&#8243; text_color=&#8220;color-xsdn&#8220;]Durch taktile Kommunikation, griffige Materialien, ergonomische Formgebung und eine gelenkte Wahrnehmung schaffen wir einen einfachen Zugang zum Produkt und sorgen ganz nebenbei f\u00fcr einen positiven Erinnerungswert.[\/vc_custom_heading][vc_empty_space empty_h=&#8220;3&#8243;][vc_single_image media=&#8220;82954&#8243; media_width_percent=&#8220;100&#8243; media_ratio=&#8220;four-three&#8220;][vc_custom_heading heading_semantic=&#8220;h3&#8243; text_size=&#8220;&#8220; text_weight=&#8220;500&#8243; text_color=&#8220;color-xsdn&#8220;]Packaging[\/vc_custom_heading][vc_custom_heading heading_semantic=&#8220;h5&#8243; text_font=&#8220;font-762333&#8243; text_size=&#8220;&#8220; text_weight=&#8220;400&#8243; text_height=&#8220;fontheight-357766&#8243; text_color=&#8220;color-xsdn&#8220;]Individuelles, nachhaltiges und intelligentes Verpackungsdesign als exklusives Enth\u00fcllungserlebnis, als Erfolgsfaktor und greifbarer Markenauftritt.[\/vc_custom_heading][vc_empty_space empty_h=&#8220;3&#8243;][vc_single_image media=&#8220;80466&#8243; media_width_percent=&#8220;100&#8243; media_ratio=&#8220;three-four&#8220;][vc_custom_heading heading_semantic=&#8220;h3&#8243; text_size=&#8220;&#8220; text_weight=&#8220;500&#8243; text_color=&#8220;color-xsdn&#8220;]Human Machine Interface[\/vc_custom_heading][vc_custom_heading heading_semantic=&#8220;h5&#8243; text_font=&#8220;font-762333&#8243; text_size=&#8220;&#8220; text_weight=&#8220;400&#8243; text_height=&#8220;fontheight-357766&#8243; text_color=&#8220;color-xsdn&#8220;]Ganz egal ob\u00a0Multi-Touch mit Smartphone-Gef\u00fchl, Bedienung mit Gesten, echte 3D-Grafiken oder supermodernes Design, wir generieren perfekte Ergebnisse f\u00fcr deine Benutzerschnittstelle.[\/vc_custom_heading][\/vc_column][vc_column width=&#8220;1\/3&#8243;][vc_single_image media=&#8220;80432&#8243; media_width_percent=&#8220;100&#8243; media_ratio=&#8220;three-four&#8220;][vc_custom_heading heading_semantic=&#8220;h3&#8243; text_size=&#8220;&#8220; text_weight=&#8220;500&#8243; text_color=&#8220;color-xsdn&#8220;]Keyvisuals[\/vc_custom_heading][vc_custom_heading heading_semantic=&#8220;h5&#8243; text_font=&#8220;font-762333&#8243; text_size=&#8220;&#8220; text_weight=&#8220;400&#8243; text_height=&#8220;fontheight-357766&#8243; text_color=&#8220;color-xsdn&#8220;]Die Kraft der Bilder nutzen: wir \u00fcberf\u00fchren Ideen in eindrucksvolle visuelle Statements. Je nach Projekt k\u00f6nnen diese Skizzen roh und rein kommunikativ oder f\u00fcr das Produkt realistisch sein.[\/vc_custom_heading][vc_empty_space empty_h=&#8220;3&#8243;][vc_single_image media=&#8220;80443&#8243; media_width_percent=&#8220;100&#8243; media_ratio=&#8220;three-four&#8220;][vc_custom_heading heading_semantic=&#8220;h3&#8243; text_size=&#8220;&#8220; text_weight=&#8220;500&#8243; text_color=&#8220;color-xsdn&#8220;]Editorial Design[\/vc_custom_heading][vc_custom_heading heading_semantic=&#8220;h5&#8243; text_font=&#8220;font-762333&#8243; text_size=&#8220;&#8220; text_weight=&#8220;400&#8243; text_height=&#8220;fontheight-357766&#8243; text_color=&#8220;color-xsdn&#8220;]Von der strategischen Konzeption \u00fcber Grafik, Schriftsatz und Illustration. Wir machen Editorial Design W\u00fcnsche wahr und schaffen identit\u00e4tsstiftende Publikationen.[\/vc_custom_heading][vc_empty_space empty_h=&#8220;3&#8243;][vc_single_image media=&#8220;79756&#8243; media_width_percent=&#8220;100&#8243; media_ratio=&#8220;three-four&#8220;][vc_custom_heading heading_semantic=&#8220;h3&#8243; text_size=&#8220;&#8220; text_weight=&#8220;500&#8243; text_color=&#8220;color-xsdn&#8220;]Rapid Prototyping[\/vc_custom_heading][vc_custom_heading heading_semantic=&#8220;h5&#8243; text_font=&#8220;font-762333&#8243; text_size=&#8220;&#8220; text_weight=&#8220;400&#8243; text_height=&#8220;fontheight-357766&#8243; text_color=&#8220;color-xsdn&#8220;]Wir wollen Produkte erleben und Formen f\u00fchlen. 3D-Druck, Skizzieren, Mock-Ups und Rapid Prototyping sind alles Techniken, mit denen wir Ideen eine Gestalt geben.[\/vc_custom_heading][\/vc_column][vc_column column_width_percent=&#8220;100&#8243; gutter_size=&#8220;3&#8243; expand_height=&#8220;yes&#8220; overlay_alpha=&#8220;50&#8243; shift_x=&#8220;0&#8243; shift_y=&#8220;0&#8243; shift_y_down=&#8220;0&#8243; z_index=&#8220;0&#8243; medium_width=&#8220;0&#8243; mobile_width=&#8220;0&#8243; width=&#8220;1\/3&#8243;][vc_single_image media=&#8220;79713&#8243; media_width_percent=&#8220;100&#8243; media_ratio=&#8220;one-one&#8220;][vc_custom_heading heading_semantic=&#8220;h3&#8243; text_size=&#8220;&#8220; text_weight=&#8220;500&#8243; text_color=&#8220;color-xsdn&#8220;]Digital UI \/ UX[\/vc_custom_heading][vc_custom_heading heading_semantic=&#8220;h5&#8243; text_font=&#8220;font-762333&#8243; text_size=&#8220;&#8220; text_weight=&#8220;400&#8243; text_height=&#8220;fontheight-357766&#8243; text_color=&#8220;color-xsdn&#8220;]Egal ob Web-Design oder komplexe Softwareanwendung: wir begleiten Dich in die digitale Welt von morgen &#8211; f\u00fcr ein ganzheitliches Markenerlebnis an allen digitalen Schnittstellen zwischen Produkt, Marke und deinen Kunden.[\/vc_custom_heading][vc_empty_space empty_h=&#8220;3&#8243;][vc_single_image media=&#8220;82940&#8243; media_width_percent=&#8220;100&#8243; media_ratio=&#8220;four-three&#8220;][vc_custom_heading heading_semantic=&#8220;h3&#8243; text_size=&#8220;&#8220; text_weight=&#8220;500&#8243; text_color=&#8220;color-xsdn&#8220;]Brand &amp; Identity[\/vc_custom_heading][vc_custom_heading heading_semantic=&#8220;h5&#8243; text_font=&#8220;font-762333&#8243; text_size=&#8220;&#8220; text_weight=&#8220;400&#8243; text_height=&#8220;fontheight-357766&#8243; text_color=&#8220;color-xsdn&#8220;]Mit wenigen Elementen zu mehr Struktur und einer klaren Kommunikation, durch den Feinschliff des Profils an der richtigen Stelle. In enger Zusammenarbeit mit unseren Kunden konzipieren wir au\u00dfergew\u00f6hnliche Identit\u00e4ten.[\/vc_custom_heading][vc_empty_space empty_h=&#8220;3&#8243;][vc_single_image media=&#8220;82501&#8243; media_width_percent=&#8220;100&#8243; media_ratio=&#8220;four-three&#8220;][vc_custom_heading heading_semantic=&#8220;h3&#8243; text_size=&#8220;&#8220; text_weight=&#8220;500&#8243; text_color=&#8220;color-xsdn&#8220;]Industriedesign[\/vc_custom_heading][vc_custom_heading heading_semantic=&#8220;h5&#8243; text_font=&#8220;font-762333&#8243; text_size=&#8220;&#8220; text_weight=&#8220;400&#8243; text_height=&#8220;fontheight-357766&#8243; text_color=&#8220;color-xsdn&#8220;]Innovative Maschinen, Anlagen und Ger\u00e4te haben f\u00fcr den Anwender auch einen hohen emotionalen Wert. Anspruchsvolles und fertigungsgerechtes Design &#8211; \u00fcberzeugt einfach![\/vc_custom_heading][\/vc_column][\/vc_row][vc_row row_height_percent=&#8220;0&#8243; overlay_alpha=&#8220;50&#8243; gutter_size=&#8220;3&#8243; column_width_percent=&#8220;100&#8243; shift_y=&#8220;0&#8243; z_index=&#8220;0&#8243;][vc_column column_width_percent=&#8220;100&#8243; gutter_size=&#8220;3&#8243; overlay_alpha=&#8220;50&#8243; shift_x=&#8220;0&#8243; shift_y=&#8220;0&#8243; shift_y_down=&#8220;0&#8243; z_index=&#8220;0&#8243; medium_width=&#8220;0&#8243; mobile_width=&#8220;0&#8243; width=&#8220;2\/3&#8243;][vc_row_inner row_inner_height_percent=&#8220;0&#8243; back_color=&#8220;color-xsdn&#8220; overlay_alpha=&#8220;50&#8243; gutter_size=&#8220;3&#8243; shift_y=&#8220;0&#8243; z_index=&#8220;0&#8243; limit_content=&#8220;&#8220;][vc_column_inner column_width_percent=&#8220;100&#8243; position_vertical=&#8220;middle&#8220; gutter_size=&#8220;3&#8243; style=&#8220;light&#8220; overlay_alpha=&#8220;50&#8243; shift_x=&#8220;3&#8243; shift_y=&#8220;0&#8243; shift_y_down=&#8220;0&#8243; z_index=&#8220;0&#8243; medium_width=&#8220;0&#8243; mobile_width=&#8220;0&#8243; width=&#8220;2\/3&#8243;][vc_empty_space empty_h=&#8220;2&#8243;][vc_custom_heading heading_semantic=&#8220;h1&#8243; text_font=&#8220;font-762333&#8243; text_size=&#8220;fontsize-155944&#8243; text_weight=&#8220;500&#8243; text_space=&#8220;fontspace-781688&#8243; text_color=&#8220;color-wayh&#8220;]Bereit f\u00fcr dein<br \/>\nneues Projekt?[\/vc_custom_heading][vc_empty_space empty_h=&#8220;3&#8243;][\/vc_column_inner][vc_column_inner column_width_percent=&#8220;100&#8243; gutter_size=&#8220;3&#8243; overlay_alpha=&#8220;50&#8243; shift_x=&#8220;-2&#8243; shift_y=&#8220;0&#8243; shift_y_down=&#8220;0&#8243; z_index=&#8220;0&#8243; medium_width=&#8220;0&#8243; mobile_width=&#8220;0&#8243; width=&#8220;1\/3&#8243;][vc_empty_space empty_h=&#8220;2&#8243;][vc_custom_heading heading_semantic=&#8220;h5&#8243; text_font=&#8220;font-762333&#8243; text_size=&#8220;&#8220; text_weight=&#8220;400&#8243; text_space=&#8220;fontspace-781688&#8243; text_color=&#8220;color-wayh&#8220;]Schreibe uns was du brauchst,\u00a0wir sind schon startklar.[\/vc_custom_heading][vc_button button_color=&#8220;color-jevc&#8220; size=&#8220;btn-lg&#8220; border_animation=&#8220;btn-ripple-out&#8220; custom_typo=&#8220;yes&#8220; font_family=&#8220;font-762333&#8243; font_weight=&#8220;100&#8243; letter_spacing=&#8220;fontspace-210350&#8243; border_width=&#8220;0&#8243; icon_position=&#8220;right&#8220; icon=&#8220;fa fa-arrow-right2&#8243; link=&#8220;url:https%3A%2F%2Favid-studio.com%2F%3Fpage_id%3D3982&#8243;]KONTAKT[\/vc_button][\/vc_column_inner][\/vc_row_inner][\/vc_column][vc_column width=&#8220;1\/3&#8243;][\/vc_column][\/vc_row][vc_row][vc_column width=&#8220;1\/1&#8243;][\/vc_column][\/vc_row]<\/p>\n<\/section>","protected":false},"excerpt":{"rendered":"<p>[vc_row row_height_percent=&#8220;0&#8243; override_padding=&#8220;yes&#8220; h_padding=&#8220;2&#8243; top_padding=&#8220;0&#8243; bottom_padding=&#8220;0&#8243; overlay_alpha=&#8220;100&#8243; gutter_size=&#8220;3&#8243; column_width_percent=&#8220;100&#8243; shift_y=&#8220;-5&#8243; z_index=&#8220;0&#8243; row_height_use_pixel=&#8220;&#8220;][vc_column column_width_percent=&#8220;89&#8243; gutter_size=&#8220;3&#8243; overlay_alpha=&#8220;50&#8243; shift_x=&#8220;0&#8243; shift_y=&#8220;0&#8243; shift_y_down=&#8220;0&#8243; z_index=&#8220;0&#8243; medium_width=&#8220;0&#8243; [&hellip;]<\/p>\n","protected":false},"author":2,"featured_media":0,"parent":0,"menu_order":0,"comment_status":"closed","ping_status":"closed","template":"","meta":{"footnotes":""},"_links":{"self":[{"href":"https:\/\/avid-studio.com\/index.php?rest_route=\/wp\/v2\/pages\/21524"}],"collection":[{"href":"https:\/\/avid-studio.com\/index.php?rest_route=\/wp\/v2\/pages"}],"about":[{"href":"https:\/\/avid-studio.com\/index.php?rest_route=\/wp\/v2\/types\/page"}],"author":[{"embeddable":true,"href":"https:\/\/avid-studio.com\/index.php?rest_route=\/wp\/v2\/users\/2"}],"replies":[{"embeddable":true,"href":"https:\/\/avid-studio.com\/index.php?rest_route=%2Fwp%2Fv2%2Fcomments&post=21524"}],"version-history":[{"count":113,"href":"https:\/\/avid-studio.com\/index.php?rest_route=\/wp\/v2\/pages\/21524\/revisions"}],"predecessor-version":[{"id":82955,"href":"https:\/\/avid-studio.com\/index.php?rest_route=\/wp\/v2\/pages\/21524\/revisions\/82955"}],"wp:attachment":[{"href":"https:\/\/avid-studio.com\/index.php?rest_route=%2Fwp%2Fv2%2Fmedia&parent=21524"}],"curies":[{"name":"wp","href":"https:\/\/api.w.org\/{rel}","templated":true}]}}